{"id":14440,"date":"2023-11-01T11:16:37","date_gmt":"2023-11-01T10:16:37","guid":{"rendered":"https:\/\/skischule-adelboden.ch\/?page_id=14440"},"modified":"2025-07-19T16:11:12","modified_gmt":"2025-07-19T14:11:12","slug":"privat","status":"publish","type":"page","link":"https:\/\/skischule-adelboden.ch\/nl\/erwachsene\/snowboard\/privat\/","title":{"rendered":"Priv\u00e9"},"content":{"rendered":"<section class=\"l-section wpb_row headerbild height_auto width_full\"><div class=\"l-section-h i-cf\"><div class=\"g-cols vc_row via_flex valign_top type_default stacking_default\"><div class=\"vc_col-sm-12 wpb_column vc_column_container\"><div class=\"vc_column-inner\"><div class=\"wpb_wrapper\"><div class=\"w-image has_ratio align_center\"><div url class=\"w-image-h\"><div style=\"padding-bottom:30%\"><\/div><img width=\"1920\" height=\"600\" src=\"https:\/\/skischule-adelboden.ch\/wp-content\/uploads\/2024\/08\/Slider-Snowboard-1.jpg\" class=\"attachment-full size-full\" alt=\"\" decoding=\"async\" loading=\"lazy\" srcset=\"https:\/\/skischule-adelboden.ch\/wp-content\/uploads\/2024\/08\/Slider-Snowboard-1.jpg 1920w, https:\/\/skischule-adelboden.ch\/wp-content\/uploads\/2024\/08\/Slider-Snowboard-1-300x94.jpg 300w, https:\/\/skischule-adelboden.ch\/wp-content\/uploads\/2024\/08\/Slider-Snowboard-1-1024x320.jpg 1024w, https:\/\/skischule-adelboden.ch\/wp-content\/uploads\/2024\/08\/Slider-Snowboard-1-600x188.jpg 600w, https:\/\/skischule-adelboden.ch\/wp-content\/uploads\/2024\/08\/Slider-Snowboard-1-200x63.jpg 200w\" sizes=\"(max-width: 1920px) 100vw, 1920px\" \/><\/div><\/div><div class=\"ult-spacer spacer-6a06e8de53176\" data-id=\"6a06e8de53176\" data-height=\"20\" data-height-mobile=\"20\" data-height-tab=\"20\" data-height-tab-portrait=\"\" data-height-mobile-landscape=\"\" style=\"clear:both;display:block;\"><\/div><\/div><\/div><\/div><\/div><\/div><\/section><!-- Row Backgrounds --><div class=\"upb_color\" data-bg-override=\"0\" data-bg-color=\"\" data-fadeout=\"\" data-fadeout-percentage=\"30\" data-parallax-content=\"\" data-parallax-content-sense=\"30\" data-row-effect-mobile-disable=\"true\" data-img-parallax-mobile-disable=\"true\" data-rtl=\"false\"  data-custom-vc-row=\"\"  data-vc=\"6.13.0\"  data-is_old_vc=\"\"  data-theme-support=\"\"   data-overlay=\"false\" data-overlay-color=\"\" data-overlay-pattern=\"\" data-overlay-pattern-opacity=\"\" data-overlay-pattern-size=\"\"    ><\/div><section class=\"l-section wpb_row height_medium\"><div class=\"l-section-h i-cf\"><div class=\"g-cols vc_row via_flex valign_top type_default stacking_default\"><div class=\"vc_col-sm-12 wpb_column vc_column_container\"><div class=\"vc_column-inner\"><div class=\"wpb_wrapper\"><div class=\"wpb_text_column\"><div class=\"wpb_wrapper\"><h1>Volwassenen Snowboard Priv\u00e9<\/h1>\n<\/div><\/div><div class=\"w-separator size_small\"><\/div><div class=\"wpb_text_column\"><div class=\"wpb_wrapper\"><div class=\"wpb_text_column\">\n<div class=\"wpb_wrapper\">\n<div>\n<div id=\"divbc\" class=\"bc\">Surfen in de winter? Het snowboard maakt het mogelijk! Ervaar de enorme verscheidenheid aan mogelijkheden die deze fascinerende sport biedt met onze gepassioneerde snowboardexperts.<\/div>\n<\/div>\n<div>Tijdens priv\u00e9lessen heeft de snowboardleraar altijd beide ogen op de gast gericht en is hij volledig gefocust op \u00e9\u00e9n persoon\/klein groepje! Of je nu een beginner bent of al een crack - onze instructeurs kunnen iedereen iets leren! Onze geweldige snowboardleraren zijn echte pro's en hebben veel insidertips. Samen boeken we snelle vooruitgang op de pistes en genieten we van een ontspannen sfeer.<\/div>\n<\/div>\n<\/div>\n<\/div><\/div><\/div><\/div><\/div><\/div><\/div><\/section><section class=\"l-section wpb_row us_custom_e86ead3b us_animate_this height_medium\"><div class=\"l-section-h i-cf\"><div class=\"g-cols vc_row via_flex valign_top type_default stacking_default\" style=\"--additional-gap:1rem;\"><div class=\"vc_col-sm-6 wpb_column vc_column_container\"><div class=\"vc_column-inner\"><div class=\"wpb_wrapper\"><div class=\"g-cols wpb_row us_custom_bca57293 has_text_color via_flex valign_top type_default stacking_default\"><div class=\"vc_col-sm-12 wpb_column vc_column_container\"><div class=\"vc_column-inner\"><div class=\"wpb_wrapper\"><div class=\"w-separator size_small\"><\/div><div class=\"aio-icon-component    style_1\"><div id=\"Info-box-wrap-4058\" class=\"aio-icon-box default-icon\" style=\"\"  ><div class=\"aio-icon-default\"><div class=\"ult-just-icon-wrapper\"><div class=\"align-icon\" style=\"text-align:center;\">\n<div class=\"aio-icon none\"  style=\"font-size:32px;display:inline-block;\">\n\t<i class=\"Defaults-calendar\"><\/i>\n<\/div><\/div><\/div><\/div><div class=\"aio-icon-header\" ><h4 class=\"aio-icon-title ult-responsive\"  data-ultimate-target='#Info-box-wrap-4058 .aio-icon-title'  data-responsive-json-new='{\"font-size\":\"\",\"line-height\":\"\"}'  style=\"\">Lessen<\/h4><\/div> <!-- header --><div class=\"aio-icon-description ult-responsive\"  data-ultimate-target='#Info-box-wrap-4058 .aio-icon-description'  data-responsive-json-new='{\"font-size\":\"\",\"line-height\":\"\"}'  style=\"\">\n<ul>\n<li>Lessen kunnen dagelijks worden geboekt.<\/li>\n<\/ul>\n<\/div> <!-- description --><\/div> <!-- aio-icon-box --><\/div> <!-- aio-icon-component --><div class=\"aio-icon-component    style_1\"><div id=\"Info-box-wrap-3345\" class=\"aio-icon-box default-icon\" style=\"\"  ><div class=\"aio-icon-default\"><div class=\"ult-just-icon-wrapper\"><div class=\"align-icon\" style=\"text-align:center;\">\n<div class=\"aio-icon none\"  style=\"font-size:32px;display:inline-block;\">\n\t<i class=\"Defaults-child\"><\/i>\n<\/div><\/div><\/div><\/div><div class=\"aio-icon-header\" ><h4 class=\"aio-icon-title ult-responsive\"  data-ultimate-target='#Info-box-wrap-3345 .aio-icon-title'  data-responsive-json-new='{\"font-size\":\"\",\"line-height\":\"\"}'  style=\"\">Info<\/h4><\/div> <!-- header --><div class=\"aio-icon-description ult-responsive\"  data-ultimate-target='#Info-box-wrap-3345 .aio-icon-description'  data-responsive-json-new='{\"font-size\":\"\",\"line-height\":\"\"}'  style=\"\">\n<ul>\n<li>Prijzen excl. skipas en uitrusting<\/li>\n<\/ul>\n<\/div> <!-- description --><\/div> <!-- aio-icon-box --><\/div> <!-- aio-icon-component --><div class=\"aio-icon-component    style_1\"><div id=\"Info-box-wrap-2256\" class=\"aio-icon-box default-icon\" style=\"\"  ><div class=\"aio-icon-default\"><div class=\"ult-just-icon-wrapper\"><div class=\"align-icon\" style=\"text-align:center;\">\n<div class=\"aio-icon none\"  style=\"font-size:32px;display:inline-block;\">\n\t<i class=\"Defaults-location-arrow\"><\/i>\n<\/div><\/div><\/div><\/div><div class=\"aio-icon-header\" ><h4 class=\"aio-icon-title ult-responsive\"  data-ultimate-target='#Info-box-wrap-2256 .aio-icon-title'  data-responsive-json-new='{\"font-size\":\"\",\"line-height\":\"\"}'  style=\"\">Ontmoetingspunten<\/h4><\/div> <!-- header --><div class=\"aio-icon-description ult-responsive\"  data-ultimate-target='#Info-box-wrap-2256 .aio-icon-description'  data-responsive-json-new='{\"font-size\":\"\",\"line-height\":\"\"}'  style=\"\">\n<ul>\n<li>Skischool kantoordorp<\/li>\n<li>Ophalen hotel<\/li>\n<li>Geils Park trainingsveld<\/li>\n<li>Sillerenb\u00fchl<\/li>\n<li>Dalstation Silleren, Oey<\/li>\n<li>Vloer<\/li>\n<li>Engstligenalp<\/li>\n<\/ul>\n<\/div> <!-- description --><\/div> <!-- aio-icon-box --><\/div> <!-- aio-icon-component --><\/div><\/div><\/div><\/div><div class=\"w-separator size_medium\"><\/div><div class=\"g-cols wpb_row us_custom_bca57293 has_text_color via_flex valign_top type_default stacking_default\"><div class=\"vc_col-sm-12 wpb_column vc_column_container\"><div class=\"vc_column-inner\"><div class=\"wpb_wrapper\"><div class=\"w-separator size_small\"><\/div><div class=\"aio-icon-component    style_1\"><div id=\"Info-box-wrap-2717\" class=\"aio-icon-box default-icon\" style=\"\"  ><div class=\"aio-icon-default\"><div class=\"ult-just-icon-wrapper\"><div class=\"align-icon\" style=\"text-align:center;\">\n<div class=\"aio-icon none\"  style=\"font-size:32px;display:inline-block;\">\n\t<i class=\"Defaults-money\"><\/i>\n<\/div><\/div><\/div><\/div><div class=\"aio-icon-header\" ><h4 class=\"aio-icon-title ult-responsive\"  data-ultimate-target='#Info-box-wrap-2717 .aio-icon-title'  data-responsive-json-new='{\"font-size\":\"\",\"line-height\":\"\"}'  style=\"\">Tarieven<\/h4><\/div> <!-- header --><div class=\"aio-icon-description ult-responsive\"  data-ultimate-target='#Info-box-wrap-2717 .aio-icon-description'  data-responsive-json-new='{\"font-size\":\"\",\"line-height\":\"\"}'  style=\"\">\n<ul>\n<li>1 uur: CHF 110<\/li>\n<li>2 uur:     CHF 190<\/li>\n<li>3,5 uur:  CHF 325<\/li>\n<li>6 uur:     CHF 470<\/li>\n<\/ul>\n<p>Toeslag van CHF 20 per persoon voor meer dan twee personen<\/div> <!-- description --><\/div> <!-- aio-icon-box --><\/div> <!-- aio-icon-component --><div class=\"w-btn-wrapper align_none\"><a class=\"w-btn us-btn-style_27\" target=\"_blank\" rel=\"nofollow\" title=\"Online winkel\" href=\"https:\/\/adelboden.skischool.shop\/shop\/detail\/article\/privatunterricht-snowboard\/\"><span class=\"w-btn-label\">Boek<\/span><\/a><\/div><div class=\"w-separator size_small\"><\/div><\/div><\/div><\/div><\/div><div class=\"w-separator size_small\"><\/div><\/div><\/div><\/div><div class=\"vc_col-sm-6 wpb_column vc_column_container\"><div class=\"vc_column-inner\"><div class=\"wpb_wrapper\"><div class=\"g-cols wpb_row via_flex valign_top type_default stacking_default\" style=\"--additional-gap:1rem;\"><div class=\"vc_col-sm-6 wpb_column vc_column_container has_bg_color\"><div class=\"vc_column-inner us_custom_d6aae710\"><div class=\"wpb_wrapper\"><div class=\"w-separator size_small\"><\/div><div class=\"w-image align_center\"><div url class=\"w-image-h\"><img width=\"200\" height=\"200\" src=\"https:\/\/skischule-adelboden.ch\/wp-content\/uploads\/2023\/12\/intersport-rent.svg\" class=\"attachment-us_200_200 size-us_200_200\" alt=\"\" decoding=\"async\" loading=\"lazy\" \/><\/div><\/div><div class=\"w-separator size_small\"><\/div><div class=\"wpb_text_column\"><div class=\"wpb_wrapper\"><p>INTERSPORT Rent heeft de juiste uitrusting voor jou.<\/p>\n<\/div><\/div><div class=\"w-separator size_small\"><\/div><div class=\"w-btn-wrapper align_none\"><a class=\"w-btn us-btn-style_27\" target=\"_blank\" href=\"https:\/\/www.intersportrent.ch\/de\"><span class=\"w-btn-label\">Boek nu<\/span><\/a><\/div><\/div><\/div><\/div><div class=\"vc_col-sm-6 wpb_column vc_column_container has_bg_color\"><div class=\"vc_column-inner us_custom_d6aae710\"><div class=\"wpb_wrapper\"><div class=\"w-separator size_small\"><\/div><div class=\"w-image align_center\"><div url class=\"w-image-h\"><img width=\"200\" height=\"200\" src=\"https:\/\/skischule-adelboden.ch\/wp-content\/uploads\/2023\/12\/adlelboden-laenk-logo.svg\" class=\"attachment-us_200_200 size-us_200_200\" alt=\"\" decoding=\"async\" loading=\"lazy\" \/><\/div><\/div><div class=\"w-separator size_small\"><\/div><div class=\"wpb_text_column\"><div class=\"wpb_wrapper\"><p>Skikaarten - boek dagkaarten en meerdaagse kaarten online<\/p>\n<\/div><\/div><div class=\"w-separator size_small\"><\/div><div class=\"w-btn-wrapper align_none\"><a class=\"w-btn us-btn-style_27\" target=\"_blank\" href=\"https:\/\/www.adelboden-lenk.ch\/de\/Shop\"><span class=\"w-btn-label\">Boek nu<\/span><\/a><\/div><\/div><\/div><\/div><\/div><div class=\"w-separator size_small\"><\/div><div class=\"g-cols wpb_row us_custom_d6aae710 via_flex valign_top type_default stacking_default\"><div class=\"vc_col-sm-12 wpb_column vc_column_container\"><div class=\"vc_column-inner\"><div class=\"wpb_wrapper\"><div class=\"wpb_text_column\"><div class=\"wpb_wrapper\"><h5><\/h5>\n<h5><strong>Overzicht van mogelijke ontmoetingsplaatsen voor priv\u00e9lessen<\/strong><\/h5>\n<\/div><\/div><div class=\"w-separator size_small\"><\/div><div class=\"wpb_text_column\"><div class=\"wpb_wrapper\"><p>Meer informatie over de ontmoetingspunten is te vinden op <a href=\"\/nl\/ueber-uns\/standorte\/\">hier<\/a><\/p>\n<\/div><\/div><div class=\"w-separator size_small\"><\/div><div class=\"w-map provider_osm\" id=\"us_map_1\"><div class=\"w-map-inner\"><div class=\"w-map-json\" onclick='return {&quot;address&quot;:&quot;46.49258956562668, 7.559302905591595&quot;,&quot;disableDragging&quot;:0,&quot;disableZoom&quot;:0,&quot;hideControls&quot;:0,&quot;zoom&quot;:12,&quot;markers&quot;:[{&quot;address&quot;:&quot;46.49258956562668, 7.559302905591595&quot;,&quot;html&quot;:&quot;Skischulb\\u00fcro Dorf&quot;,&quot;infowindow&quot;:0},{&quot;address&quot;:&quot;Geils, 3715 Adelboden&quot;,&quot;html&quot;:&quot;Geils Park&quot;,&quot;marker_img&quot;:null,&quot;marker_size&quot;:[&quot;30&quot;,&quot;30&quot;]},{&quot;address&quot;:&quot;Sillerenb\\u00fchl, 3715 Adelboden&quot;,&quot;html&quot;:&quot;Sillerenb\\u00fchl&quot;,&quot;marker_img&quot;:null,&quot;marker_size&quot;:[&quot;30&quot;,&quot;30&quot;]},{&quot;address&quot;:&quot;Mietcenter\\\/Rental Center Fuhrenweidli, Bodenstrasse 2, 3715 Adelboden&quot;,&quot;html&quot;:&quot;Mietcenter\\\/Rental Center Intersport&quot;,&quot;marker_img&quot;:null,&quot;marker_size&quot;:[&quot;30&quot;,&quot;30&quot;]},{&quot;address&quot;:&quot;Dorfbahn Adelboden, Dorfstrasse 51 3715 Adelboden&quot;,&quot;html&quot;:&quot;Dorfbahn&quot;,&quot;marker_img&quot;:null,&quot;marker_size&quot;:[&quot;30&quot;,&quot;30&quot;]},{&quot;address&quot;:&quot;Obere-Bodenstrasse, 3715 Adelboden&quot;,&quot;html&quot;:&quot;Hampy-Lift, Boden&quot;,&quot;marker_img&quot;:null,&quot;marker_size&quot;:[&quot;30&quot;,&quot;30&quot;]},{&quot;address&quot;:&quot;Engstligenalp, 3715 Adelboden&quot;,&quot;html&quot;:&quot;Enstligenalp&quot;,&quot;marker_img&quot;:null,&quot;marker_size&quot;:[&quot;30&quot;,&quot;30&quot;]},{&quot;address&quot;:&quot;Bodenstrasse 2, 3715 Adelboden&quot;,&quot;html&quot;:&quot;Talstation Silleren, Oey&quot;,&quot;marker_img&quot;:null,&quot;marker_size&quot;:[&quot;30&quot;,&quot;30&quot;]}],&quot;style&quot;:&quot;https:\\\/\\\/{s}.tile.openstreetmap.org\\\/{z}\\\/{x}\\\/{y}.png&quot;}'><\/div><\/div><\/div><div class=\"w-separator size_small\"><\/div><\/div><\/div><\/div><\/div><\/div><\/div><\/div><\/div><\/div><\/section><div class=\"vc_col-sm-8 wpb_column vc_column_container\"><div class=\"vc_column-inner\"><div class=\"wpb_wrapper\"><\/div><\/div><\/div>","protected":false},"excerpt":{"rendered":"Snowboarden voor volwassenen priv\u00e9 surfen in de winter? Het snowboard maakt het mogelijk! Ervaar de enorme verscheidenheid aan mogelijkheden die deze fascinerende sport biedt met onze gepassioneerde snowboardexperts. Tijdens de priv\u00e9lessen heeft de snowboardleraar altijd beide ogen op de gast gericht en is hij volledig gefocust op \u00e9\u00e9n persoon\/kleine groep! Of je nu beginner bent of al een crack - onze instructeurs...","protected":false},"author":1,"featured_media":0,"parent":14434,"menu_order":0,"comment_status":"closed","ping_status":"closed","template":"","meta":{"footnotes":""},"acf":[],"aioseo_notices":[],"_links":{"self":[{"href":"https:\/\/skischule-adelboden.ch\/nl\/wp-json\/wp\/v2\/pages\/14440"}],"collection":[{"href":"https:\/\/skischule-adelboden.ch\/nl\/wp-json\/wp\/v2\/pages"}],"about":[{"href":"https:\/\/skischule-adelboden.ch\/nl\/wp-json\/wp\/v2\/types\/page"}],"author":[{"embeddable":true,"href":"https:\/\/skischule-adelboden.ch\/nl\/wp-json\/wp\/v2\/users\/1"}],"replies":[{"embeddable":true,"href":"https:\/\/skischule-adelboden.ch\/nl\/wp-json\/wp\/v2\/comments?post=14440"}],"version-history":[{"count":4,"href":"https:\/\/skischule-adelboden.ch\/nl\/wp-json\/wp\/v2\/pages\/14440\/revisions"}],"predecessor-version":[{"id":16876,"href":"https:\/\/skischule-adelboden.ch\/nl\/wp-json\/wp\/v2\/pages\/14440\/revisions\/16876"}],"up":[{"embeddable":true,"href":"https:\/\/skischule-adelboden.ch\/nl\/wp-json\/wp\/v2\/pages\/14434"}],"wp:attachment":[{"href":"https:\/\/skischule-adelboden.ch\/nl\/wp-json\/wp\/v2\/media?parent=14440"}],"curies":[{"name":"wp","href":"https:\/\/api.w.org\/{rel}","templated":true}]}}