{"id":16437,"date":"2025-07-04T12:56:16","date_gmt":"2025-07-04T10:56:16","guid":{"rendered":"https:\/\/skischule-adelboden.ch\/?page_id=16437"},"modified":"2025-11-03T14:52:58","modified_gmt":"2025-11-03T13:52:58","slug":"gruppenevents","status":"publish","type":"page","link":"https:\/\/skischule-adelboden.ch\/fr\/specials\/gruppenevents\/","title":{"rendered":"\u00c9v\u00e9nements de groupe &amp; d'entreprise"},"content":{"rendered":"<section class=\"l-section wpb_row headerbild height_auto width_full\"><div class=\"l-section-h i-cf\"><div class=\"g-cols vc_row via_flex valign_top type_default stacking_default\"><div class=\"vc_col-sm-12 wpb_column vc_column_container\"><div class=\"vc_column-inner\"><div class=\"wpb_wrapper\"><div class=\"w-image has_ratio align_center\"><div url class=\"w-image-h\"><div style=\"padding-bottom:30%\"><\/div><img width=\"1500\" height=\"1000\" src=\"https:\/\/skischule-adelboden.ch\/wp-content\/uploads\/2024\/08\/Skischule_Adelboden_21-22-WEBaufloesung-800KB-6.jpg\" class=\"attachment-full size-full\" alt=\"\" decoding=\"async\" loading=\"lazy\" srcset=\"https:\/\/skischule-adelboden.ch\/wp-content\/uploads\/2024\/08\/Skischule_Adelboden_21-22-WEBaufloesung-800KB-6.jpg 1500w, https:\/\/skischule-adelboden.ch\/wp-content\/uploads\/2024\/08\/Skischule_Adelboden_21-22-WEBaufloesung-800KB-6-300x200.jpg 300w, https:\/\/skischule-adelboden.ch\/wp-content\/uploads\/2024\/08\/Skischule_Adelboden_21-22-WEBaufloesung-800KB-6-1024x683.jpg 1024w, https:\/\/skischule-adelboden.ch\/wp-content\/uploads\/2024\/08\/Skischule_Adelboden_21-22-WEBaufloesung-800KB-6-600x400.jpg 600w, https:\/\/skischule-adelboden.ch\/wp-content\/uploads\/2024\/08\/Skischule_Adelboden_21-22-WEBaufloesung-800KB-6-200x133.jpg 200w\" sizes=\"(max-width: 1500px) 100vw, 1500px\" \/><\/div><\/div><div class=\"w-separator size_small\"><\/div><\/div><\/div><\/div><\/div><\/div><\/section><!-- Row Backgrounds --><div class=\"upb_color\" data-bg-override=\"0\" data-bg-color=\"\" data-fadeout=\"\" data-fadeout-percentage=\"30\" data-parallax-content=\"\" data-parallax-content-sense=\"30\" data-row-effect-mobile-disable=\"true\" data-img-parallax-mobile-disable=\"true\" data-rtl=\"false\"  data-custom-vc-row=\"\"  data-vc=\"6.13.0\"  data-is_old_vc=\"\"  data-theme-support=\"\"   data-overlay=\"false\" data-overlay-color=\"\" data-overlay-pattern=\"\" data-overlay-pattern-opacity=\"\" data-overlay-pattern-size=\"\"    ><\/div><section class=\"l-section wpb_row height_small\"><div class=\"l-section-h i-cf\"><div class=\"g-cols vc_row via_flex valign_bottom type_default stacking_default\" style=\"--additional-gap:40px;\"><div class=\"vc_col-sm-12 wpb_column vc_column_container\"><div class=\"vc_column-inner\"><div class=\"wpb_wrapper\"><div class=\"wpb_text_column\"><div class=\"wpb_wrapper\"><h1>\u00c9v\u00e9nements de groupe &amp; d'entreprise<\/h1>\n<\/div><\/div><div class=\"w-separator size_small\"><\/div><div class=\"wpb_text_column\"><div class=\"wpb_wrapper\"><p>Vous souhaitez passer une merveilleuse journ\u00e9e dans la neige ? Vous avez envie d'organiser une sortie d'entreprise ou de club avec l'\u00c9cole Suisse de Ski d'Adelboden ?<\/p>\n<p>Nous proposons volontiers une offre sur mesure avec ski, ski de fond ou de nombreuses autres possibilit\u00e9s, y compris un ap\u00e9ritif et un repas de midi.<\/p>\n<p>Si vous \u00eates int\u00e9ress\u00e9, envoyez-nous un e-mail \u00e0 l'adresse skischule@adelboden.ch ou appelez-nous au +41 33 673 80 90.<\/p>\n<\/div><\/div><\/div><\/div><\/div><\/div><\/div><\/section><section class=\"l-section wpb_row us_custom_e86ead3b us_animate_this height_medium full_height valign_center\"><div class=\"l-section-h i-cf\"><div class=\"g-cols vc_row via_flex valign_top type_default stacking_default\" style=\"--additional-gap:0.5rem;\"><div class=\"vc_col-sm-4 wpb_column vc_column_container zoomeffect has_bg_color\"><div class=\"vc_column-inner us_custom_f5fa8ef1\"><div class=\"vc_column-overlay\" style=\"background:var(--color-header-top-bg)\"><\/div><div class=\"wpb_wrapper\"><div class=\"w-image has_ratio align_none\"><div url class=\"w-image-h\"><div style=\"padding-bottom:75%\"><\/div><img width=\"600\" height=\"400\" src=\"https:\/\/skischule-adelboden.ch\/wp-content\/uploads\/2024\/08\/Skischule_Adelboden_21-22-WEBaufloesung-800KB-128-600x400.jpg\" class=\"attachment-us_600_400_crop size-us_600_400_crop\" alt=\"\" decoding=\"async\" loading=\"lazy\" srcset=\"https:\/\/skischule-adelboden.ch\/wp-content\/uploads\/2024\/08\/Skischule_Adelboden_21-22-WEBaufloesung-800KB-128-600x400.jpg 600w, https:\/\/skischule-adelboden.ch\/wp-content\/uploads\/2024\/08\/Skischule_Adelboden_21-22-WEBaufloesung-800KB-128-300x200.jpg 300w, https:\/\/skischule-adelboden.ch\/wp-content\/uploads\/2024\/08\/Skischule_Adelboden_21-22-WEBaufloesung-800KB-128-1024x683.jpg 1024w, https:\/\/skischule-adelboden.ch\/wp-content\/uploads\/2024\/08\/Skischule_Adelboden_21-22-WEBaufloesung-800KB-128-200x133.jpg 200w, https:\/\/skischule-adelboden.ch\/wp-content\/uploads\/2024\/08\/Skischule_Adelboden_21-22-WEBaufloesung-800KB-128.jpg 1500w\" sizes=\"(max-width: 600px) 100vw, 600px\" \/><\/div><\/div><div class=\"w-separator size_small\"><\/div><div class=\"wpb_text_column us_custom_044996f1 has_text_color\"><div class=\"wpb_wrapper\"><h5>Journ\u00e9e de ski<\/h5>\n<p>Organisez la journ\u00e9e de ski traditionnelle de votre entreprise, de votre association ou de votre commerce d'une mani\u00e8re diff\u00e9rente et nouvelle. Notre \u00e9quipe de moniteurs de ski exp\u00e9riment\u00e9s et passionn\u00e9s de sports d'hiver vous encadrera et vous accompagnera tout au long de la journ\u00e9e. Planifiez avec nous une journ\u00e9e de ski captivante, instructive et amusante, loin du quotidien.<\/p>\n<\/div><\/div><\/div><\/div><\/div><div class=\"vc_col-sm-4 wpb_column vc_column_container zoomeffect has_bg_color\"><div class=\"vc_column-inner us_custom_ea56f62c\"><div class=\"wpb_wrapper\"><div class=\"w-image has_ratio align_none\"><div url class=\"w-image-h\"><div style=\"padding-bottom:75%\"><\/div><img width=\"600\" height=\"400\" src=\"https:\/\/skischule-adelboden.ch\/wp-content\/uploads\/2024\/08\/Box-Langlauf-600x400.jpg\" class=\"attachment-us_600_400_crop size-us_600_400_crop\" alt=\"\" decoding=\"async\" loading=\"lazy\" srcset=\"https:\/\/skischule-adelboden.ch\/wp-content\/uploads\/2024\/08\/Box-Langlauf-600x400.jpg 600w, https:\/\/skischule-adelboden.ch\/wp-content\/uploads\/2024\/08\/Box-Langlauf-300x200.jpg 300w, https:\/\/skischule-adelboden.ch\/wp-content\/uploads\/2024\/08\/Box-Langlauf-1024x683.jpg 1024w, https:\/\/skischule-adelboden.ch\/wp-content\/uploads\/2024\/08\/Box-Langlauf-200x133.jpg 200w, https:\/\/skischule-adelboden.ch\/wp-content\/uploads\/2024\/08\/Box-Langlauf.jpg 1920w\" sizes=\"(max-width: 600px) 100vw, 600px\" \/><\/div><\/div><div class=\"w-separator size_small\"><\/div><div class=\"wpb_text_column us_custom_044996f1 has_text_color\"><div class=\"wpb_wrapper\"><h5>Atelier de ski de fond<\/h5>\n<p>Optimisez l'\u00e9quilibre entre vie professionnelle et vie personnelle de vos collaborateurs et pr\u00e9voyez un atelier de ski de fond avec l'\u00e9cole de ski d'Adelboden. Vous jouirez d'un cadre optimal pour votre r\u00e9union ou s\u00e9minaire.<\/p>\n<\/div><\/div><\/div><\/div><\/div><div class=\"vc_col-sm-4 wpb_column vc_column_container zoomeffect has_bg_color\"><div class=\"vc_column-inner us_custom_ea56f62c\"><div class=\"wpb_wrapper\"><div class=\"w-image has_ratio align_none\"><div url class=\"w-image-h\"><div style=\"padding-bottom:75%\"><\/div><img width=\"600\" height=\"400\" src=\"https:\/\/skischule-adelboden.ch\/wp-content\/uploads\/2024\/08\/Skischule_Adelboden_21-22-WEBaufloesung-800KB-91-600x400.jpg\" class=\"attachment-us_600_400_crop size-us_600_400_crop\" alt=\"\" decoding=\"async\" loading=\"lazy\" srcset=\"https:\/\/skischule-adelboden.ch\/wp-content\/uploads\/2024\/08\/Skischule_Adelboden_21-22-WEBaufloesung-800KB-91-600x400.jpg 600w, https:\/\/skischule-adelboden.ch\/wp-content\/uploads\/2024\/08\/Skischule_Adelboden_21-22-WEBaufloesung-800KB-91-300x200.jpg 300w, https:\/\/skischule-adelboden.ch\/wp-content\/uploads\/2024\/08\/Skischule_Adelboden_21-22-WEBaufloesung-800KB-91-1024x683.jpg 1024w, https:\/\/skischule-adelboden.ch\/wp-content\/uploads\/2024\/08\/Skischule_Adelboden_21-22-WEBaufloesung-800KB-91-200x133.jpg 200w, https:\/\/skischule-adelboden.ch\/wp-content\/uploads\/2024\/08\/Skischule_Adelboden_21-22-WEBaufloesung-800KB-91.jpg 1500w\" sizes=\"(max-width: 600px) 100vw, 600px\" \/><\/div><\/div><div class=\"w-separator size_small\"><\/div><div class=\"wpb_text_column us_custom_044996f1 has_text_color\"><div class=\"wpb_wrapper\"><h5>Journ\u00e9e d\u00e9couverte des sports de neige<\/h5>\n<p>Mettez vos collaborateurs ou les membres de votre association en mode apprentissage en r\u00e9servant notre journ\u00e9e de d\u00e9couverte des sports de neige ! Osez une exp\u00e9rience sur un engin de sport de neige inhabituel. Relever un nouveau d\u00e9fi renforce la pers\u00e9v\u00e9rance, la confiance en soi et l'esprit d'\u00e9quipe.<\/p>\n<\/div><\/div><\/div><\/div><\/div><\/div><\/div><\/section><section class=\"l-section wpb_row us_custom_1f5f827b height_medium\"><div class=\"l-section-h i-cf\"><div class=\"g-cols vc_row via_flex valign_top type_default stacking_default\" style=\"--additional-gap:1rem;\"><div class=\"vc_col-sm-6 wpb_column vc_column_container has_bg_color\"><div class=\"vc_column-inner us_custom_d6aae710\"><div class=\"wpb_wrapper\"><div class=\"g-cols wpb_row us_custom_d6aae710 via_flex valign_top type_default stacking_default\"><div class=\"vc_col-sm-12 wpb_column vc_column_container\"><div class=\"vc_column-inner\"><div class=\"wpb_wrapper\"><div class=\"w-separator size_small\"><\/div><div class=\"w-image align_none\"><div url class=\"w-image-h\"><img width=\"300\" height=\"300\" src=\"https:\/\/skischule-adelboden.ch\/wp-content\/uploads\/2023\/12\/intersport-rent.svg\" class=\"attachment-medium size-medium\" alt=\"\" decoding=\"async\" loading=\"lazy\" \/><\/div><\/div><div class=\"w-separator size_small\"><\/div><div class=\"wpb_text_column\"><div class=\"wpb_wrapper\"><p>INTERSPORT RENT a l'\u00e9quipement qu'il te faut.<\/p>\n<\/div><\/div><div class=\"w-separator size_small\"><\/div><div class=\"w-btn-wrapper align_none\"><a class=\"w-btn us-btn-style_27\" target=\"_blank\" href=\"https:\/\/www.intersportrent.ch\/de\"><span class=\"w-btn-label\">R\u00e9server maintenant<\/span><\/a><\/div><\/div><\/div><\/div><\/div><\/div><\/div><\/div><div class=\"vc_col-sm-6 wpb_column vc_column_container\"><div class=\"vc_column-inner\"><div class=\"wpb_wrapper\"><div class=\"g-cols wpb_row us_custom_d6aae710 via_flex valign_top type_default stacking_default\"><div class=\"vc_col-sm-12 wpb_column vc_column_container\"><div class=\"vc_column-inner\"><div class=\"wpb_wrapper\"><div class=\"w-separator size_small\"><\/div><div class=\"w-image align_none\"><a href=\"https:\/\/www.adelboden-lenk.ch\/shop\" aria-label=\"Lien\" class=\"w-image-h\"><img width=\"300\" height=\"300\" src=\"https:\/\/skischule-adelboden.ch\/wp-content\/uploads\/2023\/12\/adlelboden-laenk-logo.svg\" class=\"attachment-medium size-medium\" alt=\"\" decoding=\"async\" loading=\"lazy\" \/><\/a><\/div><div class=\"w-separator size_small\"><\/div><div class=\"wpb_text_column\"><div class=\"wpb_wrapper\"><p>Forfait de ski - R\u00e9servation en ligne d'abonnements journaliers et de plusieurs jours<\/p>\n<\/div><\/div><div class=\"w-separator size_small\"><\/div><div class=\"w-btn-wrapper align_none\"><a class=\"w-btn us-btn-style_27\" target=\"_blank\" href=\"https:\/\/www.adelboden-lenk.ch\/shop\"><span class=\"w-btn-label\">R\u00e9server maintenant<\/span><\/a><\/div><div class=\"w-separator size_small\"><\/div><\/div><\/div><\/div><\/div><\/div><\/div><\/div><\/div><\/div><\/section>","protected":false},"excerpt":{"rendered":"\u00c9v\u00e9nements de groupe &amp; d'entreprise Vous souhaitez passer une merveilleuse journ\u00e9e dans la neige ? Vous avez envie d'organiser une journ\u00e9e de ski d'entreprise, une sortie d'entreprise ou un \u00e9v\u00e9nement associatif avec l'\u00c9cole Suisse de Ski d'Adelboden ? Nous pouvons volontiers vous proposer une offre sur mesure avec ski alpin, ski de fond ou de nombreuses autres possibilit\u00e9s, y compris ap\u00e9ritif et d\u00e9jeuner. Si vous \u00eates int\u00e9ress\u00e9, envoyez-nous un e-mail \u00e0 : skischule@adelboden.ch ou...","protected":false},"author":10,"featured_media":0,"parent":14446,"menu_order":0,"comment_status":"closed","ping_status":"closed","template":"","meta":{"footnotes":""},"acf":[],"aioseo_notices":[],"_links":{"self":[{"href":"https:\/\/skischule-adelboden.ch\/fr\/wp-json\/wp\/v2\/pages\/16437"}],"collection":[{"href":"https:\/\/skischule-adelboden.ch\/fr\/wp-json\/wp\/v2\/pages"}],"about":[{"href":"https:\/\/skischule-adelboden.ch\/fr\/wp-json\/wp\/v2\/types\/page"}],"author":[{"embeddable":true,"href":"https:\/\/skischule-adelboden.ch\/fr\/wp-json\/wp\/v2\/users\/10"}],"replies":[{"embeddable":true,"href":"https:\/\/skischule-adelboden.ch\/fr\/wp-json\/wp\/v2\/comments?post=16437"}],"version-history":[{"count":6,"href":"https:\/\/skischule-adelboden.ch\/fr\/wp-json\/wp\/v2\/pages\/16437\/revisions"}],"predecessor-version":[{"id":16869,"href":"https:\/\/skischule-adelboden.ch\/fr\/wp-json\/wp\/v2\/pages\/16437\/revisions\/16869"}],"up":[{"embeddable":true,"href":"https:\/\/skischule-adelboden.ch\/fr\/wp-json\/wp\/v2\/pages\/14446"}],"wp:attachment":[{"href":"https:\/\/skischule-adelboden.ch\/fr\/wp-json\/wp\/v2\/media?parent=16437"}],"curies":[{"name":"wp","href":"https:\/\/api.w.org\/{rel}","templated":true}]}}