{"id":14468,"date":"2023-11-01T11:26:12","date_gmt":"2023-11-01T10:26:12","guid":{"rendered":"https:\/\/skischule-adelboden.ch\/?page_id=14468"},"modified":"2024-12-06T11:22:50","modified_gmt":"2024-12-06T10:22:50","slug":"team","status":"publish","type":"page","link":"https:\/\/skischule-adelboden.ch\/fr\/ueber-uns\/team\/","title":{"rendered":"\u00c9quipe"},"content":{"rendered":"<section class=\"l-section wpb_row headerbild height_auto width_full\"><div class=\"l-section-h i-cf\"><div class=\"g-cols vc_row via_flex valign_top type_default stacking_default\"><div class=\"vc_col-sm-12 wpb_column vc_column_container\"><div class=\"vc_column-inner\"><div class=\"wpb_wrapper\"><div class=\"w-image align_center\"><div url class=\"w-image-h\"><img width=\"1920\" height=\"600\" src=\"https:\/\/skischule-adelboden.ch\/wp-content\/uploads\/2024\/08\/Slider-Gruppe-auf-Berg.jpg\" class=\"attachment-full size-full\" alt=\"\" decoding=\"async\" loading=\"lazy\" srcset=\"https:\/\/skischule-adelboden.ch\/wp-content\/uploads\/2024\/08\/Slider-Gruppe-auf-Berg.jpg 1920w, https:\/\/skischule-adelboden.ch\/wp-content\/uploads\/2024\/08\/Slider-Gruppe-auf-Berg-300x94.jpg 300w, https:\/\/skischule-adelboden.ch\/wp-content\/uploads\/2024\/08\/Slider-Gruppe-auf-Berg-1024x320.jpg 1024w, https:\/\/skischule-adelboden.ch\/wp-content\/uploads\/2024\/08\/Slider-Gruppe-auf-Berg-600x188.jpg 600w, https:\/\/skischule-adelboden.ch\/wp-content\/uploads\/2024\/08\/Slider-Gruppe-auf-Berg-200x63.jpg 200w\" sizes=\"(max-width: 1920px) 100vw, 1920px\" \/><\/div><\/div><\/div><\/div><\/div><\/div><\/div><\/section><!-- Row Backgrounds --><div class=\"upb_color\" data-bg-override=\"0\" data-bg-color=\"\" data-fadeout=\"\" data-fadeout-percentage=\"30\" data-parallax-content=\"\" data-parallax-content-sense=\"30\" data-row-effect-mobile-disable=\"true\" data-img-parallax-mobile-disable=\"true\" data-rtl=\"false\"  data-custom-vc-row=\"\"  data-vc=\"6.13.0\"  data-is_old_vc=\"\"  data-theme-support=\"\"   data-overlay=\"false\" data-overlay-color=\"\" data-overlay-pattern=\"\" data-overlay-pattern-opacity=\"\" data-overlay-pattern-size=\"\"    ><\/div><section class=\"l-section wpb_row height_small\"><div class=\"l-section-h i-cf\"><div class=\"g-cols vc_row via_flex valign_top type_default stacking_default\"><div class=\"vc_col-sm-12 wpb_column vc_column_container\"><div class=\"vc_column-inner\"><div class=\"wpb_wrapper\"><div class=\"w-separator size_small\"><\/div><div class=\"wpb_text_column\"><div class=\"wpb_wrapper\"><h1>Direction et vente<\/h1>\n<\/div><\/div><div class=\"ult-spacer spacer-6a05a413be838\" data-id=\"6a05a413be838\" data-height=\"50\" data-height-mobile=\"50\" data-height-tab=\"50\" data-height-tab-portrait=\"\" data-height-mobile-landscape=\"\" style=\"clear:both;display:block;\"><\/div><div class=\"wpb_text_column\"><div class=\"wpb_wrapper\"><p>Nous nous ferons un plaisir de vous conseiller afin de trouver la meilleure offre pour chacun d'entre vous et sommes \u00e0 votre disposition pour toute question !<\/p>\n<\/div><\/div><\/div><\/div><\/div><\/div><\/div><\/section><section class=\"l-section wpb_row us_custom_60e9caca us_animate_this hide_on_tablets hide_on_mobiles height_small\"><div class=\"l-section-h i-cf\"><div class=\"g-cols vc_row via_flex valign_top type_default stacking_default\"><div class=\"vc_col-sm-4 wpb_column vc_column_container\"><div class=\"vc_column-inner\"><div class=\"wpb_wrapper\"><\/div><\/div><\/div><div class=\"vc_col-sm-4 wpb_column vc_column_container\"><div class=\"vc_column-inner\"><div class=\"wpb_wrapper\"><\/div><\/div><\/div><div class=\"vc_col-sm-4 wpb_column vc_column_container\"><div class=\"vc_column-inner\"><div class=\"wpb_wrapper\"><\/div><\/div><\/div><div class=\"vc_col-sm-12 vc_col-xs-offset-1 vc_col-xs-1 wpb_column vc_column_container\"><div class=\"vc_column-inner\"><div class=\"wpb_wrapper\"><div class=\"w-image align_none\"><div url class=\"w-image-h\"><img width=\"2000\" height=\"600\" src=\"https:\/\/skischule-adelboden.ch\/wp-content\/uploads\/2024\/12\/Admin-Team-2000x600.jpg\" class=\"attachment-us_2000_600_crop size-us_2000_600_crop\" alt=\"\" decoding=\"async\" loading=\"lazy\" \/><\/div><\/div><\/div><\/div><\/div><\/div><\/div><\/section><section class=\"l-section wpb_row height_small\"><div class=\"l-section-h i-cf\"><div class=\"g-cols vc_row via_flex valign_top type_default stacking_default\"><div class=\"vc_col-sm-12 wpb_column vc_column_container\"><div class=\"vc_column-inner\"><div class=\"wpb_wrapper\"><div class=\"wpb_text_column\"><div class=\"wpb_wrapper\"><h1>Moniteurs de ski &amp; guides<\/h1>\n<\/div><\/div><div class=\"ult-spacer spacer-6a05a413bf88f\" data-id=\"6a05a413bf88f\" data-height=\"50\" data-height-mobile=\"50\" data-height-tab=\"50\" data-height-tab-portrait=\"\" data-height-mobile-landscape=\"\" style=\"clear:both;display:block;\"><\/div><div class=\"wpb_text_column\"><div class=\"wpb_wrapper\"><p>Venez vous amuser, progresser rapidement sur le plan technique et profiter des conseils d'initi\u00e9s dans une atmosph\u00e8re d\u00e9tendue, gr\u00e2ce \u00e0 nos moniteurs de sports de neige professionnels et dynamiques !<\/p>\n<p>Que ce soit pour le ski, le snowboard, le t\u00e9l\u00e9mark, le ski de fond, le freeride ou le freestyle, nous sommes les moniteurs qu'il vous faut, quel que soit l'engin de sport d'hiver utilis\u00e9 !<\/p>\n<p>Nous nous r\u00e9jouissons de vous accueillir !<\/p>\n<\/div><\/div><\/div><\/div><\/div><\/div><\/div><\/section><section class=\"l-section wpb_row height_medium\"><div class=\"l-section-h i-cf\"><div class=\"g-cols vc_row via_flex valign_top type_default stacking_default\"><div class=\"vc_col-sm-12 wpb_column vc_column_container\"><div class=\"vc_column-inner\"><div class=\"wpb_wrapper\"><div class=\"w-image has_ratio align_center\"><div url class=\"w-image-h\"><div style=\"padding-bottom:30%\"><\/div><img width=\"1920\" height=\"600\" src=\"https:\/\/skischule-adelboden.ch\/wp-content\/uploads\/2024\/08\/Slider-Gruppenbild-Umarmen.jpg\" class=\"attachment-us_2000_600_crop size-us_2000_600_crop\" alt=\"\" decoding=\"async\" loading=\"lazy\" srcset=\"https:\/\/skischule-adelboden.ch\/wp-content\/uploads\/2024\/08\/Slider-Gruppenbild-Umarmen.jpg 1920w, https:\/\/skischule-adelboden.ch\/wp-content\/uploads\/2024\/08\/Slider-Gruppenbild-Umarmen-300x94.jpg 300w, https:\/\/skischule-adelboden.ch\/wp-content\/uploads\/2024\/08\/Slider-Gruppenbild-Umarmen-1024x320.jpg 1024w, https:\/\/skischule-adelboden.ch\/wp-content\/uploads\/2024\/08\/Slider-Gruppenbild-Umarmen-600x188.jpg 600w, https:\/\/skischule-adelboden.ch\/wp-content\/uploads\/2024\/08\/Slider-Gruppenbild-Umarmen-200x63.jpg 200w\" sizes=\"(max-width: 1920px) 100vw, 1920px\" \/><\/div><\/div><\/div><\/div><\/div><\/div><\/div><\/section>","protected":false},"excerpt":{"rendered":"Direction et vente Nous vous conseillons volontiers pour trouver la meilleure offre pour chacun d'entre vous et sommes \u00e0 votre disposition pour toute question ! Moniteurs de ski &amp; guides Venez vous amuser avec nous, faites des progr\u00e8s techniques rapides et profitez des conseils d'initi\u00e9s dans une atmosph\u00e8re d\u00e9tendue gr\u00e2ce \u00e0 nos moniteurs de sports de neige professionnels et dynamiques ! Que ce soit pour le ski, le snowboard, le t\u00e9l\u00e9mark, le ski de fond,...","protected":false},"author":1,"featured_media":0,"parent":14466,"menu_order":0,"comment_status":"closed","ping_status":"closed","template":"","meta":{"footnotes":""},"acf":[],"aioseo_notices":[],"_links":{"self":[{"href":"https:\/\/skischule-adelboden.ch\/fr\/wp-json\/wp\/v2\/pages\/14468"}],"collection":[{"href":"https:\/\/skischule-adelboden.ch\/fr\/wp-json\/wp\/v2\/pages"}],"about":[{"href":"https:\/\/skischule-adelboden.ch\/fr\/wp-json\/wp\/v2\/types\/page"}],"author":[{"embeddable":true,"href":"https:\/\/skischule-adelboden.ch\/fr\/wp-json\/wp\/v2\/users\/1"}],"replies":[{"embeddable":true,"href":"https:\/\/skischule-adelboden.ch\/fr\/wp-json\/wp\/v2\/comments?post=14468"}],"version-history":[{"count":5,"href":"https:\/\/skischule-adelboden.ch\/fr\/wp-json\/wp\/v2\/pages\/14468\/revisions"}],"predecessor-version":[{"id":17005,"href":"https:\/\/skischule-adelboden.ch\/fr\/wp-json\/wp\/v2\/pages\/14468\/revisions\/17005"}],"up":[{"embeddable":true,"href":"https:\/\/skischule-adelboden.ch\/fr\/wp-json\/wp\/v2\/pages\/14466"}],"wp:attachment":[{"href":"https:\/\/skischule-adelboden.ch\/fr\/wp-json\/wp\/v2\/media?parent=14468"}],"curies":[{"name":"wp","href":"https:\/\/api.w.org\/{rel}","templated":true}]}}