{"id":14458,"date":"2023-11-01T11:22:44","date_gmt":"2023-11-01T10:22:44","guid":{"rendered":"https:\/\/skischule-adelboden.ch\/?page_id=14458"},"modified":"2026-03-01T18:46:20","modified_gmt":"2026-03-01T17:46:20","slug":"skilehrerhuette","status":"publish","type":"page","link":"https:\/\/skischule-adelboden.ch\/fr\/skilehrerhuette\/","title":{"rendered":"Restaurant \"Skilehrerh\u00fctte\""},"content":{"rendered":"<section class=\"l-section wpb_row headerbild height_auto width_full\"><div class=\"l-section-h i-cf\"><div class=\"g-cols vc_row via_flex valign_top type_default stacking_default\"><div class=\"vc_col-sm-12 wpb_column vc_column_container\"><div class=\"vc_column-inner\"><div class=\"wpb_wrapper\"><div class=\"w-image align_center\"><div url class=\"w-image-h\"><img width=\"1920\" height=\"600\" src=\"https:\/\/skischule-adelboden.ch\/wp-content\/uploads\/2024\/08\/Slider-Skilehrerhuette-2.jpg\" class=\"attachment-full size-full\" alt=\"\" decoding=\"async\" loading=\"lazy\" srcset=\"https:\/\/skischule-adelboden.ch\/wp-content\/uploads\/2024\/08\/Slider-Skilehrerhuette-2.jpg 1920w, https:\/\/skischule-adelboden.ch\/wp-content\/uploads\/2024\/08\/Slider-Skilehrerhuette-2-300x94.jpg 300w, https:\/\/skischule-adelboden.ch\/wp-content\/uploads\/2024\/08\/Slider-Skilehrerhuette-2-1024x320.jpg 1024w, https:\/\/skischule-adelboden.ch\/wp-content\/uploads\/2024\/08\/Slider-Skilehrerhuette-2-600x188.jpg 600w, https:\/\/skischule-adelboden.ch\/wp-content\/uploads\/2024\/08\/Slider-Skilehrerhuette-2-200x63.jpg 200w\" sizes=\"(max-width: 1920px) 100vw, 1920px\" \/><\/div><\/div><div class=\"ult-spacer spacer-6a05a7f0d9054\" data-id=\"6a05a7f0d9054\" data-height=\"20\" data-height-mobile=\"20\" data-height-tab=\"20\" data-height-tab-portrait=\"\" data-height-mobile-landscape=\"\" style=\"clear:both;display:block;\"><\/div><\/div><\/div><\/div><\/div><\/div><\/section><!-- Row Backgrounds --><div class=\"upb_color\" data-bg-override=\"0\" data-bg-color=\"\" data-fadeout=\"\" data-fadeout-percentage=\"30\" data-parallax-content=\"\" data-parallax-content-sense=\"30\" data-row-effect-mobile-disable=\"true\" data-img-parallax-mobile-disable=\"true\" data-rtl=\"false\"  data-custom-vc-row=\"\"  data-vc=\"6.13.0\"  data-is_old_vc=\"\"  data-theme-support=\"\"   data-overlay=\"false\" data-overlay-color=\"\" data-overlay-pattern=\"\" data-overlay-pattern-opacity=\"\" data-overlay-pattern-size=\"\"    ><\/div><section class=\"l-section wpb_row height_medium\"><div class=\"l-section-h i-cf\"><div class=\"g-cols vc_row via_flex valign_top type_default stacking_default\"><div class=\"vc_col-sm-12 wpb_column vc_column_container\"><div class=\"vc_column-inner\"><div class=\"wpb_wrapper\"><div class=\"wpb_text_column\"><div class=\"wpb_wrapper\"><h1>Restaurant \"Skilehrerh\u00fctte\" dans le snowparc de Geils<\/h1>\n<\/div><\/div><div class=\"w-separator size_small\"><\/div><div class=\"wpb_text_column\"><div class=\"wpb_wrapper\"><p>Id\u00e9ale pour les familles, le petit chalet se trouve \u00e0 Geils  directement sur le terrain d'entra\u00eenement de l'\u00c9cole suisse de ski d'Adelboden. Pour les parents, les grands-parents, les parrains et marraines, les amis et les connaissances, c'est l'endroit id\u00e9al pour observer confortablement install\u00e9s au chaud ou sur la terrasse, les progr\u00e8s de vos petits prot\u00e9g\u00e9s.<\/p>\n<p>De bons caf\u00e9s avec ou sans shot, des boissons rafra\u00eechissantes, de bons petits plats ou snacks, le bistrot en propose pour tous les go\u00fbts.<\/p>\n<\/div><\/div><\/div><\/div><\/div><\/div><\/div><\/section><section class=\"l-section wpb_row us_custom_e86ead3b us_animate_this height_medium\"><div class=\"l-section-h i-cf\"><div class=\"g-cols vc_row via_flex valign_top type_default stacking_default\" style=\"--additional-gap:1rem;\"><div class=\"vc_col-sm-6 wpb_column vc_column_container\"><div class=\"vc_column-inner\"><div class=\"wpb_wrapper\"><div class=\"w-separator size_small\"><\/div><div class=\"g-cols wpb_row us_custom_bca57293 has_text_color via_flex valign_top type_default stacking_default\"><div class=\"vc_col-sm-12 wpb_column vc_column_container\"><div class=\"vc_column-inner\"><div class=\"wpb_wrapper\"><div class=\"w-separator size_small\"><\/div><div class=\"aio-icon-component    style_1\"><div id=\"Info-box-wrap-2128\" class=\"aio-icon-box default-icon\" style=\"\"  ><div class=\"aio-icon-default\"><div class=\"ult-just-icon-wrapper\"><div class=\"align-icon\" style=\"text-align:center;\">\n<div class=\"aio-icon none\"  style=\"font-size:32px;display:inline-block;\">\n\t<i class=\"Defaults-calendar\"><\/i>\n<\/div><\/div><\/div><\/div><div class=\"aio-icon-header\" ><h4 class=\"aio-icon-title ult-responsive\"  data-ultimate-target='#Info-box-wrap-2128 .aio-icon-title'  data-responsive-json-new='{\"font-size\":\"\",\"line-height\":\"\"}'  style=\"\">Heures d'ouverture<\/h4><\/div> <!-- header --><div class=\"aio-icon-description ult-responsive\"  data-ultimate-target='#Info-box-wrap-2128 .aio-icon-description'  data-responsive-json-new='{\"font-size\":\"\",\"line-height\":\"\"}'  style=\"\">\n<ul>\n<li>Le chalet des moniteurs de ski est ouvert du 13 d\u00e9cembre 2025 au 06 avril 2026.<\/li>\n<li>Tous les jours de 10h00 \u00e0 16h30<\/li>\n<li>A condition que le domaine skiable principal de Silleren - Hahnenmoos soit ouvert !<\/li>\n<\/ul>\n<\/div> <!-- description --><\/div> <!-- aio-icon-box --><\/div> <!-- aio-icon-component --><\/div><\/div><\/div><\/div><div class=\"w-separator size_small\"><\/div><\/div><\/div><\/div><div class=\"vc_col-sm-6 wpb_column vc_column_container\"><div class=\"vc_column-inner\"><div class=\"wpb_wrapper\"><div class=\"w-separator size_small\"><\/div><div class=\"g-cols wpb_row via_flex valign_top type_default stacking_default\" style=\"--additional-gap:1rem;\"><div class=\"vc_col-sm-6 wpb_column vc_column_container has_bg_color\"><div class=\"vc_column-inner us_custom_d6aae710\"><div class=\"wpb_wrapper\"><div class=\"w-separator size_small\"><\/div><div class=\"wpb_text_column\"><div class=\"wpb_wrapper\"><h4>Menu<\/h4>\n<\/div><\/div><div class=\"w-separator size_small\"><\/div><div class=\"w-btn-wrapper align_none\"><a class=\"w-btn us-btn-style_1 icon_atleft\" target=\"_blank\" href=\"https:\/\/skischule-adelboden.ch\/wp-content\/uploads\/2025\/12\/2025_Menue-Speisen.pdf\"><i class=\"fas fa-utensils\"><\/i><span class=\"w-btn-label\">Offre de repas<\/span><\/a><\/div><\/div><\/div><\/div><div class=\"vc_col-sm-6 wpb_column vc_column_container has_bg_color\"><div class=\"vc_column-inner us_custom_d6aae710\"><div class=\"wpb_wrapper\"><div class=\"w-separator size_small\"><\/div><div class=\"wpb_text_column\"><div class=\"wpb_wrapper\"><h4>Cartes des boissons<\/h4>\n<\/div><\/div><div class=\"w-separator size_small\"><\/div><div class=\"w-btn-wrapper align_none\"><a class=\"w-btn us-btn-style_1 icon_atleft\" target=\"_blank\" href=\"https:\/\/skischule-adelboden.ch\/wp-content\/uploads\/2025\/12\/2025_Menue-Warme-Getraenke.pdf\"><i class=\"fas fa-mug-hot\"><\/i><span class=\"w-btn-label\">Offre de boissons chaudes<\/span><\/a><\/div><div class=\"w-btn-wrapper align_none\"><a class=\"w-btn us-btn-style_1 icon_atleft\" target=\"_blank\" href=\"https:\/\/skischule-adelboden.ch\/wp-content\/uploads\/2025\/12\/2025_Menue-Kalte-Getraenke.pdf\"><i class=\"fas fa-glass-whiskey\"><\/i><span class=\"w-btn-label\">Offre de boissons froides<\/span><\/a><\/div><\/div><\/div><\/div><\/div><\/div><\/div><\/div><\/div><\/div><\/section><section class=\"l-section wpb_row height_small\"><div class=\"l-section-overlay\" style=\"background:var(--color-header-top-bg)\"><\/div><div class=\"l-section-h i-cf\"><div class=\"g-cols vc_row via_flex valign_top type_default stacking_default\"><div class=\"vc_col-sm-12 wpb_column vc_column_container\"><div class=\"vc_column-inner\"><div class=\"wpb_wrapper\"><div class=\"wpb_text_column us_custom_6df4bc3a has_text_color\"><div class=\"wpb_wrapper\"><h3>Impressions<\/h3>\n<\/div><\/div><\/div><\/div><\/div><\/div><\/div><\/section><section class=\"l-section wpb_row height_medium\"><div class=\"l-section-overlay\" style=\"background:var(--color-header-top-bg)\"><\/div><div class=\"l-section-h i-cf\"><div class=\"g-cols vc_row via_flex valign_top type_default stacking_default\"><div class=\"vc_col-sm-3 wpb_column vc_column_container\"><div class=\"vc_column-inner\"><div class=\"wpb_wrapper\"><div class=\"w-image has_ratio align_none\"><div url class=\"w-image-h\"><div style=\"padding-bottom:100%\"><\/div><img width=\"1024\" height=\"576\" src=\"https:\/\/skischule-adelboden.ch\/wp-content\/uploads\/2024\/08\/Kuerbissuppe-1024x576.jpg\" class=\"attachment-large size-large\" alt=\"\" decoding=\"async\" loading=\"lazy\" srcset=\"https:\/\/skischule-adelboden.ch\/wp-content\/uploads\/2024\/08\/Kuerbissuppe-1024x576.jpg 1024w, https:\/\/skischule-adelboden.ch\/wp-content\/uploads\/2024\/08\/Kuerbissuppe-300x169.jpg 300w, https:\/\/skischule-adelboden.ch\/wp-content\/uploads\/2024\/08\/Kuerbissuppe-356x200.jpg 356w, https:\/\/skischule-adelboden.ch\/wp-content\/uploads\/2024\/08\/Kuerbissuppe-200x113.jpg 200w, https:\/\/skischule-adelboden.ch\/wp-content\/uploads\/2024\/08\/Kuerbissuppe.jpg 1600w\" sizes=\"(max-width: 1024px) 100vw, 1024px\" \/><\/div><\/div><\/div><\/div><\/div><div class=\"vc_col-sm-3 wpb_column vc_column_container\"><div class=\"vc_column-inner\"><div class=\"wpb_wrapper\"><div class=\"w-image has_ratio align_none\"><div url class=\"w-image-h\"><div style=\"padding-bottom:100%\"><\/div><img width=\"1024\" height=\"576\" src=\"https:\/\/skischule-adelboden.ch\/wp-content\/uploads\/2024\/08\/DSC_1437-1024x576.jpg\" class=\"attachment-large size-large\" alt=\"\" decoding=\"async\" loading=\"lazy\" srcset=\"https:\/\/skischule-adelboden.ch\/wp-content\/uploads\/2024\/08\/DSC_1437-1024x576.jpg 1024w, https:\/\/skischule-adelboden.ch\/wp-content\/uploads\/2024\/08\/DSC_1437-300x169.jpg 300w, https:\/\/skischule-adelboden.ch\/wp-content\/uploads\/2024\/08\/DSC_1437-356x200.jpg 356w, https:\/\/skischule-adelboden.ch\/wp-content\/uploads\/2024\/08\/DSC_1437-200x113.jpg 200w\" sizes=\"(max-width: 1024px) 100vw, 1024px\" \/><\/div><\/div><\/div><\/div><\/div><div class=\"vc_col-sm-3 wpb_column vc_column_container\"><div class=\"vc_column-inner\"><div class=\"wpb_wrapper\"><div class=\"w-image has_ratio align_none\"><div url class=\"w-image-h\"><div style=\"padding-bottom:100%\"><\/div><img width=\"1024\" height=\"683\" src=\"https:\/\/skischule-adelboden.ch\/wp-content\/uploads\/2024\/08\/IMG_6435-1024x683.jpg\" class=\"attachment-large size-large\" alt=\"\" decoding=\"async\" loading=\"lazy\" srcset=\"https:\/\/skischule-adelboden.ch\/wp-content\/uploads\/2024\/08\/IMG_6435-1024x683.jpg 1024w, https:\/\/skischule-adelboden.ch\/wp-content\/uploads\/2024\/08\/IMG_6435-300x200.jpg 300w, https:\/\/skischule-adelboden.ch\/wp-content\/uploads\/2024\/08\/IMG_6435-600x400.jpg 600w, https:\/\/skischule-adelboden.ch\/wp-content\/uploads\/2024\/08\/IMG_6435-200x133.jpg 200w\" sizes=\"(max-width: 1024px) 100vw, 1024px\" \/><\/div><\/div><\/div><\/div><\/div><div class=\"vc_col-sm-3 wpb_column vc_column_container\"><div class=\"vc_column-inner\"><div class=\"wpb_wrapper\"><div class=\"w-image has_ratio align_none\"><div url class=\"w-image-h\"><div style=\"padding-bottom:100%\"><\/div><img width=\"1024\" height=\"576\" src=\"https:\/\/skischule-adelboden.ch\/wp-content\/uploads\/2024\/08\/DSC_1438-1024x576.jpg\" class=\"attachment-large size-large\" alt=\"\" decoding=\"async\" loading=\"lazy\" srcset=\"https:\/\/skischule-adelboden.ch\/wp-content\/uploads\/2024\/08\/DSC_1438-1024x576.jpg 1024w, https:\/\/skischule-adelboden.ch\/wp-content\/uploads\/2024\/08\/DSC_1438-300x169.jpg 300w, https:\/\/skischule-adelboden.ch\/wp-content\/uploads\/2024\/08\/DSC_1438-356x200.jpg 356w, https:\/\/skischule-adelboden.ch\/wp-content\/uploads\/2024\/08\/DSC_1438-200x113.jpg 200w\" sizes=\"(max-width: 1024px) 100vw, 1024px\" \/><\/div><\/div><\/div><\/div><\/div><\/div><\/div><\/section><div class=\"vc_col-sm-8 wpb_column vc_column_container\"><div class=\"vc_column-inner\"><div class=\"wpb_wrapper\"><\/div><\/div><\/div>","protected":false},"excerpt":{"rendered":"Cabane des moniteurs de ski dans le parc de Geils La confortable cabane des moniteurs de ski \u00e0 Geils, id\u00e9ale pour les familles, se trouve directement sur le terrain d'entra\u00eenement de l'\u00c9cole suisse de ski d'Adelboden. Pour les parents, les grands-parents, les parrains et marraines, les amis et les connaissances, c'est l'endroit id\u00e9al pour observer les progr\u00e8s de leurs petits prot\u00e9g\u00e9s, confortablement install\u00e9s dans l'agr\u00e9able cabane des moniteurs de ski. Des caf\u00e9s d\u00e9licieux, avec ou sans shot, aux boissons rafra\u00eechissantes...","protected":false},"author":1,"featured_media":0,"parent":0,"menu_order":0,"comment_status":"closed","ping_status":"closed","template":"","meta":{"footnotes":""},"acf":[],"aioseo_notices":[],"_links":{"self":[{"href":"https:\/\/skischule-adelboden.ch\/fr\/wp-json\/wp\/v2\/pages\/14458"}],"collection":[{"href":"https:\/\/skischule-adelboden.ch\/fr\/wp-json\/wp\/v2\/pages"}],"about":[{"href":"https:\/\/skischule-adelboden.ch\/fr\/wp-json\/wp\/v2\/types\/page"}],"author":[{"embeddable":true,"href":"https:\/\/skischule-adelboden.ch\/fr\/wp-json\/wp\/v2\/users\/1"}],"replies":[{"embeddable":true,"href":"https:\/\/skischule-adelboden.ch\/fr\/wp-json\/wp\/v2\/comments?post=14458"}],"version-history":[{"count":12,"href":"https:\/\/skischule-adelboden.ch\/fr\/wp-json\/wp\/v2\/pages\/14458\/revisions"}],"predecessor-version":[{"id":16989,"href":"https:\/\/skischule-adelboden.ch\/fr\/wp-json\/wp\/v2\/pages\/14458\/revisions\/16989"}],"wp:attachment":[{"href":"https:\/\/skischule-adelboden.ch\/fr\/wp-json\/wp\/v2\/media?parent=14458"}],"curies":[{"name":"wp","href":"https:\/\/api.w.org\/{rel}","templated":true}]}}