{"id":14448,"date":"2023-11-01T11:19:17","date_gmt":"2023-11-01T10:19:17","guid":{"rendered":"https:\/\/skischule-adelboden.ch\/?page_id=14448"},"modified":"2025-07-18T16:39:43","modified_gmt":"2025-07-18T14:39:43","slug":"freestyle-ski","status":"publish","type":"page","link":"https:\/\/skischule-adelboden.ch\/fr\/specials\/freestyle-ski\/","title":{"rendered":"Ski freestyle priv\u00e9"},"content":{"rendered":"<section class=\"l-section wpb_row headerbild height_auto width_full\"><div class=\"l-section-h i-cf\"><div class=\"g-cols vc_row via_flex valign_top type_default stacking_default\"><div class=\"vc_col-sm-12 wpb_column vc_column_container\"><div class=\"vc_column-inner\"><div class=\"wpb_wrapper\"><div class=\"w-image has_ratio align_center\"><div url class=\"w-image-h\"><div style=\"padding-bottom:30%\"><\/div><img width=\"2000\" height=\"600\" src=\"https:\/\/skischule-adelboden.ch\/wp-content\/uploads\/2025\/07\/RG4_7310-Kopie-scaled-1-2000x600.jpg\" class=\"attachment-us_2000_600_crop size-us_2000_600_crop\" alt=\"\" decoding=\"async\" loading=\"lazy\" srcset=\"https:\/\/skischule-adelboden.ch\/wp-content\/uploads\/2025\/07\/RG4_7310-Kopie-scaled-1-2000x600.jpg 2000w, https:\/\/skischule-adelboden.ch\/wp-content\/uploads\/2025\/07\/RG4_7310-Kopie-scaled-1-300x90.jpg 300w, https:\/\/skischule-adelboden.ch\/wp-content\/uploads\/2025\/07\/RG4_7310-Kopie-scaled-1-1024x307.jpg 1024w, https:\/\/skischule-adelboden.ch\/wp-content\/uploads\/2025\/07\/RG4_7310-Kopie-scaled-1-18x5.jpg 18w, https:\/\/skischule-adelboden.ch\/wp-content\/uploads\/2025\/07\/RG4_7310-Kopie-scaled-1-600x180.jpg 600w, https:\/\/skischule-adelboden.ch\/wp-content\/uploads\/2025\/07\/RG4_7310-Kopie-scaled-1-200x60.jpg 200w\" sizes=\"(max-width: 2000px) 100vw, 2000px\" \/><\/div><\/div><div class=\"ult-spacer spacer-6a05a81315a4f\" data-id=\"6a05a81315a4f\" data-height=\"20\" data-height-mobile=\"20\" data-height-tab=\"20\" data-height-tab-portrait=\"\" data-height-mobile-landscape=\"\" style=\"clear:both;display:block;\"><\/div><\/div><\/div><\/div><\/div><\/div><\/section><!-- Row Backgrounds --><div class=\"upb_color\" data-bg-override=\"0\" data-bg-color=\"\" data-fadeout=\"\" data-fadeout-percentage=\"30\" data-parallax-content=\"\" data-parallax-content-sense=\"30\" data-row-effect-mobile-disable=\"true\" data-img-parallax-mobile-disable=\"true\" data-rtl=\"false\"  data-custom-vc-row=\"\"  data-vc=\"6.13.0\"  data-is_old_vc=\"\"  data-theme-support=\"\"   data-overlay=\"false\" data-overlay-color=\"\" data-overlay-pattern=\"\" data-overlay-pattern-opacity=\"\" data-overlay-pattern-size=\"\"    ><\/div><section class=\"l-section wpb_row height_medium\"><div class=\"l-section-h i-cf\"><div class=\"g-cols vc_row via_flex valign_top type_default stacking_default\"><div class=\"vc_col-sm-12 wpb_column vc_column_container\"><div class=\"vc_column-inner\"><div class=\"wpb_wrapper\"><div class=\"wpb_text_column\"><div class=\"wpb_wrapper\"><h1>Ski freestyle<\/h1>\n<\/div><\/div><div class=\"w-separator size_small\"><\/div><div class=\"wpb_text_column\"><div class=\"wpb_wrapper\"><div><\/div>\n<div>\n<div id=\"rpt_divst_0\" class=\"typ_ST\">\n<div class=\"typsub_ST\">\n<p>R\u00e9alise ton r\u00eave personnel de freestyle sous le coaching priv\u00e9 de nos experts en freestyle ! Le \"Gran Masta Park\" ainsi que les rails et boxes pour d\u00e9butants de notre terrain d'entra\u00eenement font battre plus fort le c\u0153ur de chaque freestyler.<\/p>\n<p>La condition technique est que tu sois un bon skieur, ce qui signifie pour les enfants qu'ils doivent skier au moins au niveau Red King\/Queen.<\/p>\n<\/div>\n<\/div>\n<div id=\"rpt_divst_1\" class=\"typ_I2\"><\/div>\n<\/div>\n<div><\/div>\n<\/div><\/div><\/div><\/div><\/div><\/div><\/div><\/section><section class=\"l-section wpb_row us_custom_e86ead3b us_animate_this height_medium\"><div class=\"l-section-h i-cf\"><div class=\"g-cols vc_row via_flex valign_top type_default stacking_default\" style=\"--additional-gap:1rem;\"><div class=\"vc_col-sm-6 wpb_column vc_column_container\"><div class=\"vc_column-inner\"><div class=\"wpb_wrapper\"><div class=\"w-separator size_small\"><\/div><div class=\"g-cols wpb_row us_custom_bca57293 has_text_color via_flex valign_top type_default stacking_default\"><div class=\"vc_col-sm-12 wpb_column vc_column_container\"><div class=\"vc_column-inner\"><div class=\"wpb_wrapper\"><div class=\"w-separator size_small\"><\/div><div class=\"aio-icon-component    style_1\"><div id=\"Info-box-wrap-2091\" class=\"aio-icon-box default-icon\" style=\"\"  ><div class=\"aio-icon-default\"><div class=\"ult-just-icon-wrapper\"><div class=\"align-icon\" style=\"text-align:center;\">\n<div class=\"aio-icon none\"  style=\"font-size:32px;display:inline-block;\">\n\t<i class=\"Defaults-calendar\"><\/i>\n<\/div><\/div><\/div><\/div><div class=\"aio-icon-header\" ><h4 class=\"aio-icon-title ult-responsive\"  data-ultimate-target='#Info-box-wrap-2091 .aio-icon-title'  data-responsive-json-new='{\"font-size\":\"\",\"line-height\":\"\"}'  style=\"\">Enseignement<\/h4><\/div> <!-- header --><div class=\"aio-icon-description ult-responsive\"  data-ultimate-target='#Info-box-wrap-2091 .aio-icon-description'  data-responsive-json-new='{\"font-size\":\"\",\"line-height\":\"\"}'  style=\"\">\n<ul>\n<li>Les cours peuvent \u00eatre r\u00e9serv\u00e9s tous les jours<\/li>\n<\/ul>\n<\/div> <!-- description --><\/div> <!-- aio-icon-box --><\/div> <!-- aio-icon-component --><div class=\"aio-icon-component    style_1\"><div id=\"Info-box-wrap-1254\" class=\"aio-icon-box default-icon\" style=\"\"  ><div class=\"aio-icon-default\"><div class=\"ult-just-icon-wrapper\"><div class=\"align-icon\" style=\"text-align:center;\">\n<div class=\"aio-icon none\"  style=\"font-size:32px;display:inline-block;\">\n\t<i class=\"Defaults-location-arrow\"><\/i>\n<\/div><\/div><\/div><\/div><div class=\"aio-icon-header\" ><h4 class=\"aio-icon-title ult-responsive\"  data-ultimate-target='#Info-box-wrap-1254 .aio-icon-title'  data-responsive-json-new='{\"font-size\":\"\",\"line-height\":\"\"}'  style=\"\">Points de rencontre<\/h4><\/div> <!-- header --><div class=\"aio-icon-description ult-responsive\"  data-ultimate-target='#Info-box-wrap-1254 .aio-icon-description'  data-responsive-json-new='{\"font-size\":\"\",\"line-height\":\"\"}'  style=\"\">\n<ul>\n<li>Bureau de l'\u00e9cole de ski du village<\/li>\n<li>H\u00f4tel\/appartement de vacances<\/li>\n<li>Parc Geils, Sillerenb\u00fchl<\/li>\n<li>Oey (station inf\u00e9rieure du t\u00e9l\u00e9ph\u00e9rique du Silleren)<\/li>\n<li>Sillerenb\u00fchl<\/li>\n<\/ul>\n<\/div> <!-- description --><\/div> <!-- aio-icon-box --><\/div> <!-- aio-icon-component --><div class=\"aio-icon-component    style_1\"><div id=\"Info-box-wrap-7826\" class=\"aio-icon-box default-icon\" style=\"\"  ><div class=\"aio-icon-default\"><div class=\"ult-just-icon-wrapper\"><div class=\"align-icon\" style=\"text-align:center;\">\n<div class=\"aio-icon none\"  style=\"font-size:32px;display:inline-block;\">\n\t<i class=\"Defaults-child\"><\/i>\n<\/div><\/div><\/div><\/div><div class=\"aio-icon-header\" ><h4 class=\"aio-icon-title ult-responsive\"  data-ultimate-target='#Info-box-wrap-7826 .aio-icon-title'  data-responsive-json-new='{\"font-size\":\"\",\"line-height\":\"\"}'  style=\"\">Condition pr\u00e9alable<\/h4><\/div> <!-- header --><div class=\"aio-icon-description ult-responsive\"  data-ultimate-target='#Info-box-wrap-7826 .aio-icon-description'  data-responsive-json-new='{\"font-size\":\"\",\"line-height\":\"\"}'  style=\"\">\n<ul>\n<li>Conditions de ski : au moins niveau \"Red King\/Queen<\/li>\n<\/ul>\n<\/div> <!-- description --><\/div> <!-- aio-icon-box --><\/div> <!-- aio-icon-component --><div class=\"aio-icon-component    style_1\"><div id=\"Info-box-wrap-5719\" class=\"aio-icon-box default-icon\" style=\"\"  ><div class=\"aio-icon-default\"><div class=\"ult-just-icon-wrapper\"><div class=\"align-icon\" style=\"text-align:center;\">\n<div class=\"aio-icon none\"  style=\"font-size:32px;display:inline-block;\">\n\t<i class=\"Defaults-money\"><\/i>\n<\/div><\/div><\/div><\/div><div class=\"aio-icon-header\" ><h4 class=\"aio-icon-title ult-responsive\"  data-ultimate-target='#Info-box-wrap-5719 .aio-icon-title'  data-responsive-json-new='{\"font-size\":\"\",\"line-height\":\"\"}'  style=\"\">Tarifs<\/h4><\/div> <!-- header --><div class=\"aio-icon-description ult-responsive\"  data-ultimate-target='#Info-box-wrap-5719 .aio-icon-description'  data-responsive-json-new='{\"font-size\":\"\",\"line-height\":\"\"}'  style=\"\">\n<ul>\n<li>1 heure CHF 110<\/li>\n<li>2 heures CHF 190<\/li>\n<li>3.5 heures CHF 325<\/li>\n<li>6 heures CHF 470<\/li>\n<\/ul>\n<p>Suppl\u00e9ment de 20 CHF par personne pour plus de deux personnes<\/div> <!-- description --><\/div> <!-- aio-icon-box --><\/div> <!-- aio-icon-component --><div class=\"w-btn-wrapper align_none\"><a class=\"w-btn us-btn-style_27\" target=\"_blank\" rel=\"nofollow\" title=\"Boutique en ligne\" href=\"https:\/\/adelboden.skischool.shop\/shop\/detail\/article\/privatunterricht-ski\/\"><span class=\"w-btn-label\">R\u00e9server<\/span><\/a><\/div><div class=\"w-separator size_small\"><\/div><\/div><\/div><\/div><\/div><div class=\"w-separator size_small\"><\/div><\/div><\/div><\/div><div class=\"vc_col-sm-6 wpb_column vc_column_container\"><div class=\"vc_column-inner\"><div class=\"wpb_wrapper\"><div class=\"w-separator size_small\"><\/div><div class=\"g-cols wpb_row via_flex valign_top type_default stacking_default\" style=\"--additional-gap:1rem;\"><div class=\"vc_col-sm-6 wpb_column vc_column_container has_bg_color\"><div class=\"vc_column-inner us_custom_d6aae710\"><div class=\"wpb_wrapper\"><div class=\"w-separator size_small\"><\/div><div class=\"w-image align_center\"><div url class=\"w-image-h\"><img width=\"200\" height=\"200\" src=\"https:\/\/skischule-adelboden.ch\/wp-content\/uploads\/2023\/12\/intersport-rent.svg\" class=\"attachment-us_200_200 size-us_200_200\" alt=\"\" decoding=\"async\" loading=\"lazy\" \/><\/div><\/div><div class=\"w-separator size_small\"><\/div><div class=\"wpb_text_column\"><div class=\"wpb_wrapper\"><p>INTERSPORT RENT a l'\u00e9quipement qu'il te faut.<\/p>\n<\/div><\/div><div class=\"w-separator size_small\"><\/div><div class=\"w-btn-wrapper align_none\"><a class=\"w-btn us-btn-style_27\" target=\"_blank\" href=\"https:\/\/www.intersportrent.ch\/de\"><span class=\"w-btn-label\">R\u00e9server maintenant<\/span><\/a><\/div><div class=\"w-separator size_small\"><\/div><\/div><\/div><\/div><div class=\"vc_col-sm-6 wpb_column vc_column_container has_bg_color\"><div class=\"vc_column-inner us_custom_d6aae710\"><div class=\"wpb_wrapper\"><div class=\"w-separator size_small\"><\/div><div class=\"w-image align_center\"><div url class=\"w-image-h\"><img width=\"200\" height=\"200\" src=\"https:\/\/skischule-adelboden.ch\/wp-content\/uploads\/2023\/12\/adlelboden-laenk-logo.svg\" class=\"attachment-us_200_200 size-us_200_200\" alt=\"\" decoding=\"async\" loading=\"lazy\" \/><\/div><\/div><div class=\"w-separator size_small\"><\/div><div class=\"wpb_text_column\"><div class=\"wpb_wrapper\"><p>Forfait de ski - R\u00e9servation en ligne d'abonnements journaliers et de plusieurs jours<\/p>\n<\/div><\/div><div class=\"w-separator size_small\"><\/div><div class=\"w-btn-wrapper align_none\"><a class=\"w-btn us-btn-style_27\" target=\"_blank\" href=\"https:\/\/www.adelboden-lenk.ch\/de\/Shop\"><span class=\"w-btn-label\">R\u00e9server maintenant<\/span><\/a><\/div><div class=\"w-separator size_small\"><\/div><\/div><\/div><\/div><\/div><div class=\"w-separator size_small\"><\/div><div class=\"g-cols wpb_row us_custom_d6aae710 via_flex valign_top type_default stacking_default\"><div class=\"vc_col-sm-12 wpb_column vc_column_container\"><div class=\"vc_column-inner\"><div class=\"wpb_wrapper\"><div class=\"w-separator size_small\"><\/div><div class=\"wpb_text_column\"><div class=\"wpb_wrapper\"><h5><strong>Aper\u00e7u des lieux de rencontre Cours priv\u00e9s<\/strong><\/h5>\n<\/div><\/div><div class=\"w-separator size_small\"><\/div><div class=\"wpb_text_column\"><div class=\"wpb_wrapper\"><p>Vous trouverez plus d'informations sur les lieux de rencontre <a href=\"\/fr\/ueber-uns\/standorte\/\">ici<\/a><\/p>\n<\/div><\/div><div class=\"w-separator size_small\"><\/div><div class=\"w-map provider_osm\" id=\"us_map_1\"><div class=\"w-map-inner\"><div class=\"w-map-json\" onclick='return {&quot;address&quot;:&quot;46.49258956562668, 7.559302905591595&quot;,&quot;disableDragging&quot;:0,&quot;disableZoom&quot;:0,&quot;hideControls&quot;:0,&quot;zoom&quot;:14,&quot;markers&quot;:[{&quot;address&quot;:&quot;46.49258956562668, 7.559302905591595&quot;,&quot;html&quot;:&quot;Skischulb\\u00fcro Dorf&quot;,&quot;infowindow&quot;:0},{&quot;address&quot;:&quot;Geils, 3715 Adelboden&quot;,&quot;html&quot;:&quot;Geils Park&quot;,&quot;marker_img&quot;:null,&quot;marker_size&quot;:[&quot;30&quot;,&quot;30&quot;]},{&quot;address&quot;:&quot;Sillerenb\\u00fchl, 3715 Adelboden&quot;,&quot;html&quot;:&quot;Sillerenb\\u00fchl&quot;,&quot;marker_img&quot;:null,&quot;marker_size&quot;:[&quot;30&quot;,&quot;30&quot;]},{&quot;address&quot;:&quot;Mietcenter\\\/Rental Center Fuhrenweidli, Bodenstrasse 2, 3715 Adelboden&quot;,&quot;html&quot;:&quot;Mietcenter\\\/Rental Center Fuhrenweidli&quot;,&quot;marker_img&quot;:null,&quot;marker_size&quot;:[&quot;30&quot;,&quot;30&quot;]},{&quot;address&quot;:&quot;Dorfbahn Adelboden, Dorfstrasse 51 3715 Adelboden&quot;,&quot;html&quot;:&quot;Dorfbahn&quot;,&quot;marker_img&quot;:null,&quot;marker_size&quot;:[&quot;30&quot;,&quot;30&quot;]},{&quot;address&quot;:&quot;Obere-Bodenstrasse, 3715 Adelboden&quot;,&quot;html&quot;:&quot;Boden&quot;,&quot;marker_img&quot;:null,&quot;marker_size&quot;:[&quot;30&quot;,&quot;30&quot;]}],&quot;style&quot;:&quot;https:\\\/\\\/{s}.tile.openstreetmap.org\\\/{z}\\\/{x}\\\/{y}.png&quot;}'><\/div><\/div><\/div><div class=\"w-separator size_small\"><\/div><\/div><\/div><\/div><\/div><\/div><\/div><\/div><\/div><\/div><\/section><section class=\"l-section wpb_row height_medium\"><div class=\"l-section-h i-cf\"><div class=\"g-cols vc_row via_flex valign_top type_default stacking_default\"><\/div><\/div><\/section><div class=\"vc_col-sm-8 wpb_column vc_column_container\"><div class=\"vc_column-inner\"><div class=\"wpb_wrapper\"><\/div><\/div><\/div><div class=\"wpb_text_column\"><div class=\"wpb_wrapper\"><\/div><\/div>","protected":false},"excerpt":{"rendered":"Ski freestyle R\u00e9alise ton r\u00eave personnel de freestyle sous le coaching priv\u00e9 de nos experts en freestyle ! Le \"Gran Masta Park\" et les rails et boxes pour d\u00e9butants de notre terrain d'entra\u00eenement font battre plus fort le c\u0153ur de chaque freestyler. La condition technique est que tu sois un bon skieur, ce qui signifie pour les enfants qu'ils doivent skier au moins au niveau Red King\/Queen. Enseignement L'enseignement est quotidien...","protected":false},"author":1,"featured_media":0,"parent":14446,"menu_order":0,"comment_status":"closed","ping_status":"closed","template":"","meta":{"footnotes":""},"acf":[],"aioseo_notices":[],"_links":{"self":[{"href":"https:\/\/skischule-adelboden.ch\/fr\/wp-json\/wp\/v2\/pages\/14448"}],"collection":[{"href":"https:\/\/skischule-adelboden.ch\/fr\/wp-json\/wp\/v2\/pages"}],"about":[{"href":"https:\/\/skischule-adelboden.ch\/fr\/wp-json\/wp\/v2\/types\/page"}],"author":[{"embeddable":true,"href":"https:\/\/skischule-adelboden.ch\/fr\/wp-json\/wp\/v2\/users\/1"}],"replies":[{"embeddable":true,"href":"https:\/\/skischule-adelboden.ch\/fr\/wp-json\/wp\/v2\/comments?post=14448"}],"version-history":[{"count":6,"href":"https:\/\/skischule-adelboden.ch\/fr\/wp-json\/wp\/v2\/pages\/14448\/revisions"}],"predecessor-version":[{"id":16773,"href":"https:\/\/skischule-adelboden.ch\/fr\/wp-json\/wp\/v2\/pages\/14448\/revisions\/16773"}],"up":[{"embeddable":true,"href":"https:\/\/skischule-adelboden.ch\/fr\/wp-json\/wp\/v2\/pages\/14446"}],"wp:attachment":[{"href":"https:\/\/skischule-adelboden.ch\/fr\/wp-json\/wp\/v2\/media?parent=14448"}],"curies":[{"name":"wp","href":"https:\/\/api.w.org\/{rel}","templated":true}]}}