{"id":14444,"date":"2023-11-01T11:18:15","date_gmt":"2023-11-01T10:18:15","guid":{"rendered":"https:\/\/skischule-adelboden.ch\/?page_id=14444"},"modified":"2025-11-04T10:53:17","modified_gmt":"2025-11-04T09:53:17","slug":"privat","status":"publish","type":"page","link":"https:\/\/skischule-adelboden.ch\/fr\/erwachsene\/langlauf\/privat\/","title":{"rendered":"Adultes Ski de fond priv\u00e9"},"content":{"rendered":"<section class=\"l-section wpb_row headerbild height_auto width_full\"><div class=\"l-section-h i-cf\"><div class=\"g-cols vc_row via_flex valign_top type_default stacking_default\"><div class=\"vc_col-sm-12 wpb_column vc_column_container\"><div class=\"vc_column-inner\"><div class=\"wpb_wrapper\"><div class=\"w-image align_center\"><div url class=\"w-image-h\"><img width=\"1920\" height=\"600\" src=\"https:\/\/skischule-adelboden.ch\/wp-content\/uploads\/2024\/08\/Slider-Langlauf.jpg\" class=\"attachment-full size-full\" alt=\"\" decoding=\"async\" loading=\"lazy\" srcset=\"https:\/\/skischule-adelboden.ch\/wp-content\/uploads\/2024\/08\/Slider-Langlauf.jpg 1920w, https:\/\/skischule-adelboden.ch\/wp-content\/uploads\/2024\/08\/Slider-Langlauf-300x94.jpg 300w, https:\/\/skischule-adelboden.ch\/wp-content\/uploads\/2024\/08\/Slider-Langlauf-1024x320.jpg 1024w, https:\/\/skischule-adelboden.ch\/wp-content\/uploads\/2024\/08\/Slider-Langlauf-600x188.jpg 600w, https:\/\/skischule-adelboden.ch\/wp-content\/uploads\/2024\/08\/Slider-Langlauf-200x63.jpg 200w\" sizes=\"(max-width: 1920px) 100vw, 1920px\" \/><\/div><\/div><div class=\"ult-spacer spacer-6a05a87cdfd8c\" data-id=\"6a05a87cdfd8c\" data-height=\"20\" data-height-mobile=\"20\" data-height-tab=\"20\" data-height-tab-portrait=\"\" data-height-mobile-landscape=\"\" style=\"clear:both;display:block;\"><\/div><\/div><\/div><\/div><\/div><\/div><\/section><!-- Row Backgrounds --><div class=\"upb_color\" data-bg-override=\"0\" data-bg-color=\"\" data-fadeout=\"\" data-fadeout-percentage=\"30\" data-parallax-content=\"\" data-parallax-content-sense=\"30\" data-row-effect-mobile-disable=\"true\" data-img-parallax-mobile-disable=\"true\" data-rtl=\"false\"  data-custom-vc-row=\"\"  data-vc=\"6.13.0\"  data-is_old_vc=\"\"  data-theme-support=\"\"   data-overlay=\"false\" data-overlay-color=\"\" data-overlay-pattern=\"\" data-overlay-pattern-opacity=\"\" data-overlay-pattern-size=\"\"    ><\/div><section class=\"l-section wpb_row height_medium\"><div class=\"l-section-h i-cf\"><div class=\"g-cols vc_row via_flex valign_top type_default stacking_default\"><div class=\"vc_col-sm-12 wpb_column vc_column_container\"><div class=\"vc_column-inner\"><div class=\"wpb_wrapper\"><div class=\"wpb_text_column\"><div class=\"wpb_wrapper\"><h1>Adultes Ski de fond priv\u00e9<\/h1>\n<\/div><\/div><div class=\"w-separator size_small\"><\/div><div class=\"wpb_text_column\"><div class=\"wpb_wrapper\"><div>\n<p>Classique ou skating - l'art de glisser de mani\u00e8re dynamique et efficace \u00e0 travers des paysages hivernaux idylliques fait de ce sport tendance une passion.<\/p>\n<p>Le ski de fond est une combinaison fascinante de force, d'endurance, de coordination et de technique, et offre quelque chose \u00e0 chacun : de l'enfant joueur au senior vigoureux, en passant par l'adolescent orient\u00e9 vers la performance et l'adulte soucieux de sa sant\u00e9.<\/p>\n<\/div><\/div><\/div><\/div><\/div><\/div><\/div><\/section><section class=\"l-section wpb_row us_custom_e86ead3b us_animate_this height_medium\"><div class=\"l-section-h i-cf\"><div class=\"g-cols vc_row via_flex valign_top type_default stacking_default\" style=\"--additional-gap:1rem;\"><div class=\"vc_col-sm-6 wpb_column vc_column_container\"><div class=\"vc_column-inner\"><div class=\"wpb_wrapper\"><div class=\"w-separator size_small\"><\/div><div class=\"g-cols wpb_row us_custom_bca57293 has_text_color via_flex valign_top type_default stacking_default\"><div class=\"vc_col-sm-12 wpb_column vc_column_container\"><div class=\"vc_column-inner\"><div class=\"wpb_wrapper\"><div class=\"w-separator size_small\"><\/div><div class=\"aio-icon-component    style_1\"><div id=\"Info-box-wrap-5375\" class=\"aio-icon-box default-icon\" style=\"\"  ><div class=\"aio-icon-default\"><div class=\"ult-just-icon-wrapper\"><div class=\"align-icon\" style=\"text-align:center;\">\n<div class=\"aio-icon none\"  style=\"font-size:32px;display:inline-block;\">\n\t<i class=\"Defaults-calendar\"><\/i>\n<\/div><\/div><\/div><\/div><div class=\"aio-icon-header\" ><h4 class=\"aio-icon-title ult-responsive\"  data-ultimate-target='#Info-box-wrap-5375 .aio-icon-title'  data-responsive-json-new='{\"font-size\":\"\",\"line-height\":\"\"}'  style=\"\">Enseignement<\/h4><\/div> <!-- header --><div class=\"aio-icon-description ult-responsive\"  data-ultimate-target='#Info-box-wrap-5375 .aio-icon-description'  data-responsive-json-new='{\"font-size\":\"\",\"line-height\":\"\"}'  style=\"\">\n<ul>\n<li>Les cours peuvent \u00eatre r\u00e9serv\u00e9s tous les jours<\/li>\n<\/ul>\n<\/div> <!-- description --><\/div> <!-- aio-icon-box --><\/div> <!-- aio-icon-component --><div class=\"aio-icon-component    style_1\"><div id=\"Info-box-wrap-5327\" class=\"aio-icon-box default-icon\" style=\"\"  ><div class=\"aio-icon-default\"><div class=\"ult-just-icon-wrapper\"><div class=\"align-icon\" style=\"text-align:center;\">\n<div class=\"aio-icon none\"  style=\"font-size:32px;display:inline-block;\">\n\t<i class=\"Defaults-child\"><\/i>\n<\/div><\/div><\/div><\/div><div class=\"aio-icon-header\" ><h4 class=\"aio-icon-title ult-responsive\"  data-ultimate-target='#Info-box-wrap-5327 .aio-icon-title'  data-responsive-json-new='{\"font-size\":\"\",\"line-height\":\"\"}'  style=\"\">Infos<\/h4><\/div> <!-- header --><div class=\"aio-icon-description ult-responsive\"  data-ultimate-target='#Info-box-wrap-5327 .aio-icon-description'  data-responsive-json-new='{\"font-size\":\"\",\"line-height\":\"\"}'  style=\"\">\n<ul>\n<li>Prix hors forfait de ski de fond et \u00e9quipement<\/li>\n<\/ul>\n<\/div> <!-- description --><\/div> <!-- aio-icon-box --><\/div> <!-- aio-icon-component --><\/div><\/div><\/div><\/div><div class=\"w-separator size_small\"><\/div><div class=\"g-cols wpb_row us_custom_bca57293 has_text_color via_flex valign_top type_default stacking_default\"><div class=\"vc_col-sm-12 wpb_column vc_column_container\"><div class=\"vc_column-inner\"><div class=\"wpb_wrapper\"><div class=\"w-separator size_small\"><\/div><div class=\"aio-icon-component    style_1\"><div id=\"Info-box-wrap-1055\" class=\"aio-icon-box default-icon\" style=\"\"  ><div class=\"aio-icon-default\"><div class=\"ult-just-icon-wrapper\"><div class=\"align-icon\" style=\"text-align:center;\">\n<div class=\"aio-icon none\"  style=\"font-size:32px;display:inline-block;\">\n\t<i class=\"Defaults-location-arrow\"><\/i>\n<\/div><\/div><\/div><\/div><div class=\"aio-icon-header\" ><h4 class=\"aio-icon-title ult-responsive\"  data-ultimate-target='#Info-box-wrap-1055 .aio-icon-title'  data-responsive-json-new='{\"font-size\":\"\",\"line-height\":\"\"}'  style=\"\">Points de rencontre<\/h4><\/div> <!-- header --><div class=\"aio-icon-description ult-responsive\"  data-ultimate-target='#Info-box-wrap-1055 .aio-icon-description'  data-responsive-json-new='{\"font-size\":\"\",\"line-height\":\"\"}'  style=\"\">\n<ul>\n<li>Piste de ski de fond de l'Engstligenalp<\/li>\n<li>Boden, Piste de ski de fond<\/li>\n<\/ul>\n<\/div> <!-- description --><\/div> <!-- aio-icon-box --><\/div> <!-- aio-icon-component --><\/div><\/div><\/div><\/div><div class=\"w-separator size_small\"><\/div><div class=\"g-cols wpb_row us_custom_bca57293 has_text_color via_flex valign_top type_default stacking_default\"><div class=\"vc_col-sm-12 wpb_column vc_column_container\"><div class=\"vc_column-inner\"><div class=\"wpb_wrapper\"><div class=\"w-separator size_small\"><\/div><div class=\"aio-icon-component    style_1\"><div id=\"Info-box-wrap-8829\" class=\"aio-icon-box default-icon\" style=\"\"  ><div class=\"aio-icon-default\"><div class=\"ult-just-icon-wrapper\"><div class=\"align-icon\" style=\"text-align:center;\">\n<div class=\"aio-icon none\"  style=\"font-size:32px;display:inline-block;\">\n\t<i class=\"Defaults-money\"><\/i>\n<\/div><\/div><\/div><\/div><div class=\"aio-icon-header\" ><h4 class=\"aio-icon-title ult-responsive\"  data-ultimate-target='#Info-box-wrap-8829 .aio-icon-title'  data-responsive-json-new='{\"font-size\":\"\",\"line-height\":\"\"}'  style=\"\">Tarifs<\/h4><\/div> <!-- header --><div class=\"aio-icon-description ult-responsive\"  data-ultimate-target='#Info-box-wrap-8829 .aio-icon-description'  data-responsive-json-new='{\"font-size\":\"\",\"line-height\":\"\"}'  style=\"\">\n<ul>\n<li>1,5 heures : CHF 150<\/li>\n<li>2 heures :    CHF 190<\/li>\n<\/ul>\n<p>Suppl\u00e9ment de 20 CHF par personne si plus de deux personnes.<\/div> <!-- description --><\/div> <!-- aio-icon-box --><\/div> <!-- aio-icon-component --><div class=\"w-btn-wrapper align_none\"><a class=\"w-btn us-btn-style_27\" target=\"_blank\" rel=\"nofollow\" title=\"Boutique en ligne\" href=\"https:\/\/adelboden.skischool.shop\/shop\/detail\/article\/privatunterricht-langlauf\/\"><span class=\"w-btn-label\">R\u00e9server<\/span><\/a><\/div><div class=\"w-separator size_small\"><\/div><\/div><\/div><\/div><\/div><div class=\"w-separator size_small\"><\/div><div class=\"g-cols wpb_row us_custom_bca57293 has_text_color via_flex valign_top type_default stacking_default\"><div class=\"vc_col-sm-12 wpb_column vc_column_container\"><div class=\"vc_column-inner\"><div class=\"wpb_wrapper\"><div class=\"w-separator size_small\"><\/div><div class=\"aio-icon-component    style_1\"><div id=\"Info-box-wrap-1783\" class=\"aio-icon-box default-icon\" style=\"\"  ><div class=\"aio-icon-default\"><div class=\"ult-just-icon-wrapper\"><div class=\"align-icon\" style=\"text-align:center;\">\n<div class=\"aio-icon none\"  style=\"font-size:32px;display:inline-block;\">\n\t<i class=\"Defaults-money\"><\/i>\n<\/div><\/div><\/div><\/div><div class=\"aio-icon-header\" ><h4 class=\"aio-icon-title ult-responsive\"  data-ultimate-target='#Info-box-wrap-1783 .aio-icon-title'  data-responsive-json-new='{\"font-size\":\"\",\"line-height\":\"\"}'  style=\"\">Forfaits ski de fond \u00e0 l'Engstligenalp<\/h4><\/div> <!-- header --><\/div> <!-- aio-icon-box --><\/div> <!-- aio-icon-component --><div class=\"w-btn-wrapper align_none\"><a class=\"w-btn us-btn-style_27\" target=\"_blank\" rel=\"nofollow\" title=\"Boutique en ligne\" href=\"https:\/\/www.simplebooking.it\/ibe2\/hotel\/7607\/package\/71799?lang=DE&amp;cur=CHF\"><span class=\"w-btn-label\">3 pour 2 - ski de fond sp\u00e9cial seniors<\/span><\/a><\/div><div class=\"w-btn-wrapper align_none\"><a class=\"w-btn us-btn-style_27\" target=\"_blank\" rel=\"nofollow\" title=\"Boutique en ligne\" href=\"https:\/\/www.simplebooking.it\/ibe2\/hotel\/7607\/package\/71682?lang=DE&amp;cur=CHF\"><span class=\"w-btn-label\">2 pour 1 - Sp\u00e9cial ski de fond dames<\/span><\/a><\/div><div class=\"w-separator size_small\"><\/div><\/div><\/div><\/div><\/div><\/div><\/div><\/div><div class=\"vc_col-sm-6 wpb_column vc_column_container\"><div class=\"vc_column-inner\"><div class=\"wpb_wrapper\"><div class=\"w-separator size_small\"><\/div><div class=\"g-cols wpb_row via_flex valign_top type_default stacking_default\" style=\"--additional-gap:1rem;\"><div class=\"vc_col-sm-6 wpb_column vc_column_container has_bg_color\"><div class=\"vc_column-inner us_custom_d6aae710\"><div class=\"wpb_wrapper\"><div class=\"w-separator size_small\"><\/div><div class=\"w-image align_center\"><div url class=\"w-image-h\"><img width=\"200\" height=\"200\" src=\"https:\/\/skischule-adelboden.ch\/wp-content\/uploads\/2023\/12\/intersport-rent.svg\" class=\"attachment-us_200_200 size-us_200_200\" alt=\"\" decoding=\"async\" loading=\"lazy\" \/><\/div><\/div><div class=\"w-separator size_small\"><\/div><div class=\"wpb_text_column\"><div class=\"wpb_wrapper\"><p>INTERSPORT RENT a l'\u00e9quipement qu'il te faut.<\/p>\n<\/div><\/div><div class=\"w-separator size_small\"><\/div><div class=\"w-btn-wrapper align_none\"><a class=\"w-btn us-btn-style_27\" target=\"_blank\" href=\"https:\/\/www.intersportrent.ch\/de\"><span class=\"w-btn-label\">R\u00e9server maintenant<\/span><\/a><\/div><\/div><\/div><\/div><div class=\"vc_col-sm-6 wpb_column vc_column_container has_bg_color\"><div class=\"vc_column-inner us_custom_d6aae710\"><div class=\"wpb_wrapper\"><div class=\"w-separator size_small\"><\/div><div class=\"wpb_text_column\"><div class=\"wpb_wrapper\"><h5>Aide \u00e0 la d\u00e9cision<\/h5>\n<\/div><\/div><div class=\"w-separator size_small\"><\/div><div class=\"wpb_text_column\"><div class=\"wpb_wrapper\"><p>Classique ou skating ?<\/p>\n<\/div><\/div><div class=\"w-separator size_small\"><\/div><div class=\"w-popup us_custom_ea56f62c w-btn-wrapper align_none\"><button aria-label=\"Plus d&#039;infos\" class=\"w-popup-trigger type_btn w-btn us-btn-style_1\"><span class=\"w-btn-label\">Plus d'infos<\/span><\/button><div class=\"w-popup-overlay\" style=\"background:rgba(0,0,0,0.85);\"><\/div><div class=\"w-popup-wrap\" style=\"--title-color:var(--color-content-heading);--title-bg-color:var(--color-content-bg-alt);--content-color:var(--color-content-text);--content-bg-color:var(--color-content-bg)\"><div class=\"w-popup-box animation_fadeIn closerpos_outside with_title\" style=\"width:600px;\"><div class=\"w-popup-box-h\"><div class=\"w-popup-box-title\">Aide \u00e0 la d\u00e9cision<\/div><div class=\"w-popup-box-content\" style=\"padding:5%;\"><p><a href=\"https:\/\/skischule-adelboden.ch\/wp-content\/uploads\/2024\/07\/Entscheidungshilfe-LK-oder-LS_DE.pdf\">Aide \u00e0 la d\u00e9cision LK ou LS_DE<\/a><\/p>\n<\/div><\/div><\/div><div class=\"w-popup-closer\"><\/div><\/div><\/div><\/div><\/div><\/div><\/div><div class=\"w-separator size_small\"><\/div><div class=\"g-cols wpb_row us_custom_d6aae710 via_flex valign_top type_default stacking_default\"><div class=\"vc_col-sm-12 wpb_column vc_column_container\"><div class=\"vc_column-inner\"><div class=\"wpb_wrapper\"><div class=\"wpb_text_column\"><div class=\"wpb_wrapper\"><h5><\/h5>\n<h5><strong>Aper\u00e7u des lieux de rencontre Cours priv\u00e9s<\/strong><\/h5>\n<\/div><\/div><div class=\"w-separator size_small\"><\/div><div class=\"wpb_text_column\"><div class=\"wpb_wrapper\"><p>Vous trouverez plus d'informations sur les lieux de rencontre <a href=\"\/fr\/ueber-uns\/standorte\/\">ici<\/a><\/p>\n<\/div><\/div><div class=\"w-separator size_small\"><\/div><div class=\"w-map provider_osm\" id=\"us_map_1\"><div class=\"w-map-inner\"><div class=\"w-map-json\" onclick='return {&quot;address&quot;:&quot;46.477390639310485,7.561463221911362&quot;,&quot;disableDragging&quot;:0,&quot;disableZoom&quot;:0,&quot;hideControls&quot;:0,&quot;zoom&quot;:14,&quot;markers&quot;:[{&quot;address&quot;:&quot;46.477390639310485,7.561463221911362&quot;,&quot;html&quot;:&quot;Boden Loipe&quot;,&quot;infowindow&quot;:0},{&quot;address&quot;:&quot;46.4475162769732,7.565823449655&quot;,&quot;html&quot;:&quot;Enstligenalp Loipe&quot;,&quot;marker_img&quot;:null,&quot;marker_size&quot;:[&quot;30&quot;,&quot;30&quot;]}],&quot;style&quot;:&quot;https:\\\/\\\/{s}.tile.openstreetmap.org\\\/{z}\\\/{x}\\\/{y}.png&quot;}'><\/div><\/div><\/div><div class=\"w-separator size_small\"><\/div><\/div><\/div><\/div><\/div><\/div><\/div><\/div><\/div><\/div><\/section><div class=\"vc_col-sm-8 wpb_column vc_column_container\"><div class=\"vc_column-inner\"><div class=\"wpb_wrapper\"><\/div><\/div><\/div>\n<\/div>","protected":false},"excerpt":{"rendered":"Adultes Ski de fond priv\u00e9 Classique ou skating - L'art de glisser de mani\u00e8re dynamique et efficace \u00e0 travers des paysages hivernaux idylliques fait de ce sport tendance Lifetime une passion. Le ski de fond est une combinaison fascinante de force, d'endurance, de coordination et de technique, et offre quelque chose \u00e0 chacun : de l'enfant joueur au senior vigoureux, en passant par l'adolescent orient\u00e9 vers la performance et l'adulte soucieux de sa sant\u00e9. Enseignement L'enseignement...","protected":false},"author":1,"featured_media":0,"parent":14442,"menu_order":0,"comment_status":"closed","ping_status":"closed","template":"","meta":{"footnotes":""},"acf":[],"aioseo_notices":[],"_links":{"self":[{"href":"https:\/\/skischule-adelboden.ch\/fr\/wp-json\/wp\/v2\/pages\/14444"}],"collection":[{"href":"https:\/\/skischule-adelboden.ch\/fr\/wp-json\/wp\/v2\/pages"}],"about":[{"href":"https:\/\/skischule-adelboden.ch\/fr\/wp-json\/wp\/v2\/types\/page"}],"author":[{"embeddable":true,"href":"https:\/\/skischule-adelboden.ch\/fr\/wp-json\/wp\/v2\/users\/1"}],"replies":[{"embeddable":true,"href":"https:\/\/skischule-adelboden.ch\/fr\/wp-json\/wp\/v2\/comments?post=14444"}],"version-history":[{"count":9,"href":"https:\/\/skischule-adelboden.ch\/fr\/wp-json\/wp\/v2\/pages\/14444\/revisions"}],"predecessor-version":[{"id":16878,"href":"https:\/\/skischule-adelboden.ch\/fr\/wp-json\/wp\/v2\/pages\/14444\/revisions\/16878"}],"up":[{"embeddable":true,"href":"https:\/\/skischule-adelboden.ch\/fr\/wp-json\/wp\/v2\/pages\/14442"}],"wp:attachment":[{"href":"https:\/\/skischule-adelboden.ch\/fr\/wp-json\/wp\/v2\/media?parent=14444"}],"curies":[{"name":"wp","href":"https:\/\/api.w.org\/{rel}","templated":true}]}}