{"id":14432,"date":"2023-11-01T11:04:21","date_gmt":"2023-11-01T10:04:21","guid":{"rendered":"https:\/\/skischule-adelboden.ch\/?page_id=14432"},"modified":"2025-07-03T16:55:01","modified_gmt":"2025-07-03T14:55:01","slug":"privat","status":"publish","type":"page","link":"https:\/\/skischule-adelboden.ch\/fr\/erwachsene\/ski\/privat\/","title":{"rendered":"Adultes Ski priv\u00e9"},"content":{"rendered":"<section class=\"l-section wpb_row headerbild height_auto width_full\"><div class=\"l-section-h i-cf\"><div class=\"g-cols vc_row via_flex valign_top type_default stacking_default\"><div class=\"vc_col-sm-12 wpb_column vc_column_container\"><div class=\"vc_column-inner\"><div class=\"wpb_wrapper\"><div class=\"w-image has_ratio align_center\"><div url class=\"w-image-h\"><div style=\"padding-bottom:30%\"><\/div><img width=\"1920\" height=\"600\" src=\"https:\/\/skischule-adelboden.ch\/wp-content\/uploads\/2024\/09\/Slider-Alpin-Ski.jpg\" class=\"attachment-full size-full\" alt=\"\" decoding=\"async\" loading=\"lazy\" srcset=\"https:\/\/skischule-adelboden.ch\/wp-content\/uploads\/2024\/09\/Slider-Alpin-Ski.jpg 1920w, https:\/\/skischule-adelboden.ch\/wp-content\/uploads\/2024\/09\/Slider-Alpin-Ski-300x94.jpg 300w, https:\/\/skischule-adelboden.ch\/wp-content\/uploads\/2024\/09\/Slider-Alpin-Ski-1024x320.jpg 1024w, https:\/\/skischule-adelboden.ch\/wp-content\/uploads\/2024\/09\/Slider-Alpin-Ski-600x188.jpg 600w, https:\/\/skischule-adelboden.ch\/wp-content\/uploads\/2024\/09\/Slider-Alpin-Ski-200x63.jpg 200w\" sizes=\"(max-width: 1920px) 100vw, 1920px\" \/><\/div><\/div><div class=\"ult-spacer spacer-6a0598f6820f5\" data-id=\"6a0598f6820f5\" data-height=\"20\" data-height-mobile=\"20\" data-height-tab=\"20\" data-height-tab-portrait=\"\" data-height-mobile-landscape=\"\" style=\"clear:both;display:block;\"><\/div><\/div><\/div><\/div><\/div><\/div><\/section><!-- Row Backgrounds --><div class=\"upb_color\" data-bg-override=\"0\" data-bg-color=\"\" data-fadeout=\"\" data-fadeout-percentage=\"30\" data-parallax-content=\"\" data-parallax-content-sense=\"30\" data-row-effect-mobile-disable=\"true\" data-img-parallax-mobile-disable=\"true\" data-rtl=\"false\"  data-custom-vc-row=\"\"  data-vc=\"6.13.0\"  data-is_old_vc=\"\"  data-theme-support=\"\"   data-overlay=\"false\" data-overlay-color=\"\" data-overlay-pattern=\"\" data-overlay-pattern-opacity=\"\" data-overlay-pattern-size=\"\"    ><\/div><section class=\"l-section wpb_row height_medium\"><div class=\"l-section-h i-cf\"><div class=\"g-cols vc_row via_flex valign_top type_default stacking_default\"><div class=\"vc_col-sm-12 wpb_column vc_column_container\"><div class=\"vc_column-inner\"><div class=\"wpb_wrapper\"><div class=\"wpb_text_column\"><div class=\"wpb_wrapper\"><h1>Adultes Ski priv\u00e9<\/h1>\n<\/div><\/div><div class=\"w-separator size_small\"><\/div><div class=\"wpb_text_column\"><div class=\"wpb_wrapper\"><div>\n<p>Virages en chasse-neige - virages courts - carving - freestyle ?<br \/>\nSur le terrain d'entra\u00eenement - sur des pistes parfaitement pr\u00e9par\u00e9es - dans des pentes vierges - dans le parc freestyle - nos moniteurs de ski peuvent am\u00e9liorer vos comp\u00e9tences \u00e0 tous les niveaux ! C'est la premi\u00e8re fois que vous montez sur des skis ou vous \u00eates exp\u00e9riment\u00e9s - nous sommes l\u00e0 pour vous tout l'hiver !<\/p>\n<\/div>\n<div><\/div>\n<\/div><\/div><\/div><\/div><\/div><\/div><\/div><\/section><section class=\"l-section wpb_row us_custom_e86ead3b us_animate_this height_medium\"><div class=\"l-section-h i-cf\"><div class=\"g-cols vc_row via_flex valign_top type_default stacking_default\" style=\"--additional-gap:1rem;\"><div class=\"vc_col-sm-6 wpb_column vc_column_container\"><div class=\"vc_column-inner\"><div class=\"wpb_wrapper\"><div class=\"w-separator size_small\"><\/div><div class=\"g-cols wpb_row us_custom_bca57293 has_text_color via_flex valign_top type_default stacking_default\"><div class=\"vc_col-sm-12 wpb_column vc_column_container\"><div class=\"vc_column-inner\"><div class=\"wpb_wrapper\"><div class=\"w-separator size_small\"><\/div><div class=\"aio-icon-component    style_1\"><div id=\"Info-box-wrap-2329\" class=\"aio-icon-box default-icon\" style=\"\"  ><div class=\"aio-icon-default\"><div class=\"ult-just-icon-wrapper\"><div class=\"align-icon\" style=\"text-align:center;\">\n<div class=\"aio-icon none\"  style=\"font-size:32px;display:inline-block;\">\n\t<i class=\"Defaults-calendar\"><\/i>\n<\/div><\/div><\/div><\/div><div class=\"aio-icon-header\" ><h4 class=\"aio-icon-title ult-responsive\"  data-ultimate-target='#Info-box-wrap-2329 .aio-icon-title'  data-responsive-json-new='{\"font-size\":\"\",\"line-height\":\"\"}'  style=\"\">Enseignement<\/h4><\/div> <!-- header --><div class=\"aio-icon-description ult-responsive\"  data-ultimate-target='#Info-box-wrap-2329 .aio-icon-description'  data-responsive-json-new='{\"font-size\":\"\",\"line-height\":\"\"}'  style=\"\">\n<ul>\n<li>Les cours peuvent \u00eatre r\u00e9serv\u00e9s tous les jours.<\/li>\n<\/ul>\n<\/div> <!-- description --><\/div> <!-- aio-icon-box --><\/div> <!-- aio-icon-component --><div class=\"aio-icon-component    style_1\"><div id=\"Info-box-wrap-7636\" class=\"aio-icon-box default-icon\" style=\"\"  ><div class=\"aio-icon-default\"><div class=\"ult-just-icon-wrapper\"><div class=\"align-icon\" style=\"text-align:center;\">\n<div class=\"aio-icon none\"  style=\"font-size:32px;display:inline-block;\">\n\t<i class=\"Defaults-child\"><\/i>\n<\/div><\/div><\/div><\/div><div class=\"aio-icon-header\" ><h4 class=\"aio-icon-title ult-responsive\"  data-ultimate-target='#Info-box-wrap-7636 .aio-icon-title'  data-responsive-json-new='{\"font-size\":\"\",\"line-height\":\"\"}'  style=\"\">Infos<\/h4><\/div> <!-- header --><div class=\"aio-icon-description ult-responsive\"  data-ultimate-target='#Info-box-wrap-7636 .aio-icon-description'  data-responsive-json-new='{\"font-size\":\"\",\"line-height\":\"\"}'  style=\"\">\n<ul>\n<li>Prix hors forfait et \u00e9quipement<\/li>\n<\/ul>\n<\/div> <!-- description --><\/div> <!-- aio-icon-box --><\/div> <!-- aio-icon-component --><\/div><\/div><\/div><\/div><div class=\"w-separator size_small\"><\/div><div class=\"g-cols wpb_row us_custom_bca57293 has_text_color via_flex valign_top type_default stacking_default\"><div class=\"vc_col-sm-12 wpb_column vc_column_container\"><div class=\"vc_column-inner\"><div class=\"wpb_wrapper\"><div class=\"w-separator size_small\"><\/div><div class=\"aio-icon-component    style_1\"><div id=\"Info-box-wrap-5971\" class=\"aio-icon-box default-icon\" style=\"\"  ><div class=\"aio-icon-default\"><div class=\"ult-just-icon-wrapper\"><div class=\"align-icon\" style=\"text-align:center;\">\n<div class=\"aio-icon none\"  style=\"font-size:32px;display:inline-block;\">\n\t<i class=\"Defaults-location-arrow\"><\/i>\n<\/div><\/div><\/div><\/div><div class=\"aio-icon-header\" ><h4 class=\"aio-icon-title ult-responsive\"  data-ultimate-target='#Info-box-wrap-5971 .aio-icon-title'  data-responsive-json-new='{\"font-size\":\"\",\"line-height\":\"\"}'  style=\"\">Lieux de rencontre possibles<\/h4><\/div> <!-- header --><div class=\"aio-icon-description ult-responsive\"  data-ultimate-target='#Info-box-wrap-5971 .aio-icon-description'  data-responsive-json-new='{\"font-size\":\"\",\"line-height\":\"\"}'  style=\"\">\n<ul>\n<li>Bureau de l'\u00e9cole de ski du village<\/li>\n<li>Prise en charge \u00e0 l'h\u00f4tel<\/li>\n<li>Pistes d'entra\u00eenement d\u00e9butants Geils Park<\/li>\n<li>Sillerenb\u00fchl<\/li>\n<li>Station inf\u00e9rieure du Silleren, Oey<\/li>\n<li>Boden<\/li>\n<li>Engstligenalp<\/li>\n<\/ul>\n<\/div> <!-- description --><\/div> <!-- aio-icon-box --><\/div> <!-- aio-icon-component --><\/div><\/div><\/div><\/div><div class=\"w-separator size_small\"><\/div><div class=\"g-cols wpb_row us_custom_bca57293 has_text_color via_flex valign_top type_default stacking_default\"><div class=\"vc_col-sm-12 wpb_column vc_column_container\"><div class=\"vc_column-inner\"><div class=\"wpb_wrapper\"><div class=\"w-separator size_small\"><\/div><div class=\"aio-icon-component    style_1\"><div id=\"Info-box-wrap-8160\" class=\"aio-icon-box default-icon\" style=\"\"  ><div class=\"aio-icon-default\"><div class=\"ult-just-icon-wrapper\"><div class=\"align-icon\" style=\"text-align:center;\">\n<div class=\"aio-icon none\"  style=\"font-size:32px;display:inline-block;\">\n\t<i class=\"Defaults-money\"><\/i>\n<\/div><\/div><\/div><\/div><div class=\"aio-icon-header\" ><h4 class=\"aio-icon-title ult-responsive\"  data-ultimate-target='#Info-box-wrap-8160 .aio-icon-title'  data-responsive-json-new='{\"font-size\":\"\",\"line-height\":\"\"}'  style=\"\">Tarifs<\/h4><\/div> <!-- header --><div class=\"aio-icon-description ult-responsive\"  data-ultimate-target='#Info-box-wrap-8160 .aio-icon-description'  data-responsive-json-new='{\"font-size\":\"\",\"line-height\":\"\"}'  style=\"\">\n<ul>\n<li>1 heure : CHF 110<\/li>\n<li>2 heures :      CHF 190<\/li>\n<li>3.5 heures :   CHF 325<\/li>\n<li>6 heures de cours :      CHF 470<\/li>\n<\/ul>\n<ul>\n<li>Suppl\u00e9ment de 20 CHF par personne pour plus de deux personnes<\/li>\n<\/ul>\n<\/div> <!-- description --><\/div> <!-- aio-icon-box --><\/div> <!-- aio-icon-component --><div class=\"w-btn-wrapper align_none\"><a class=\"w-btn us-btn-style_27\" target=\"_blank\" rel=\"nofollow\" title=\"Boutique en ligne\" href=\"https:\/\/adelboden.skischool.shop\/shop\/detail\/article\/privatunterricht-ski\/\"><span class=\"w-btn-label\">R\u00e9server<\/span><\/a><\/div><div class=\"w-separator size_small\"><\/div><\/div><\/div><\/div><\/div><div class=\"w-separator size_small\"><\/div><\/div><\/div><\/div><div class=\"vc_col-sm-6 wpb_column vc_column_container\"><div class=\"vc_column-inner\"><div class=\"wpb_wrapper\"><div class=\"w-separator size_small\"><\/div><div class=\"g-cols wpb_row via_flex valign_top type_default stacking_default\" style=\"--additional-gap:1rem;\"><div class=\"vc_col-sm-6 wpb_column vc_column_container has_bg_color\"><div class=\"vc_column-inner us_custom_d6aae710\"><div class=\"wpb_wrapper\"><div class=\"w-separator size_small\"><\/div><div class=\"w-image align_center\"><div url class=\"w-image-h\"><img width=\"200\" height=\"200\" src=\"https:\/\/skischule-adelboden.ch\/wp-content\/uploads\/2023\/12\/intersport-rent.svg\" class=\"attachment-us_200_200 size-us_200_200\" alt=\"\" decoding=\"async\" loading=\"lazy\" \/><\/div><\/div><div class=\"w-separator size_small\"><\/div><div class=\"wpb_text_column\"><div class=\"wpb_wrapper\"><p>INTERSPORT RENT a l'\u00e9quipement qu'il te faut.<\/p>\n<\/div><\/div><div class=\"w-separator size_small\"><\/div><div class=\"w-btn-wrapper align_none\"><a class=\"w-btn us-btn-style_27\" target=\"_blank\" href=\"https:\/\/www.intersportrent.ch\/de\"><span class=\"w-btn-label\">R\u00e9server maintenant<\/span><\/a><\/div><\/div><\/div><\/div><div class=\"vc_col-sm-6 wpb_column vc_column_container has_bg_color\"><div class=\"vc_column-inner us_custom_d6aae710\"><div class=\"wpb_wrapper\"><div class=\"w-separator size_small\"><\/div><div class=\"w-image align_center\"><div url class=\"w-image-h\"><img width=\"200\" height=\"200\" src=\"https:\/\/skischule-adelboden.ch\/wp-content\/uploads\/2023\/12\/adlelboden-laenk-logo.svg\" class=\"attachment-us_200_200 size-us_200_200\" alt=\"\" decoding=\"async\" loading=\"lazy\" \/><\/div><\/div><div class=\"w-separator size_small\"><\/div><div class=\"wpb_text_column\"><div class=\"wpb_wrapper\"><p>Forfait de ski - R\u00e9servation en ligne d'abonnements journaliers et de plusieurs jours<\/p>\n<\/div><\/div><div class=\"w-separator size_small\"><\/div><div class=\"w-btn-wrapper align_none\"><a class=\"w-btn us-btn-style_27\" target=\"_blank\" href=\"https:\/\/www.adelboden-lenk.ch\/de\/Shop\"><span class=\"w-btn-label\">R\u00e9server maintenant<\/span><\/a><\/div><\/div><\/div><\/div><\/div><div class=\"w-separator size_small\"><\/div><div class=\"g-cols wpb_row us_custom_d6aae710 via_flex valign_top type_default stacking_default\"><div class=\"vc_col-sm-12 wpb_column vc_column_container\"><div class=\"vc_column-inner\"><div class=\"wpb_wrapper\"><div class=\"wpb_text_column\"><div class=\"wpb_wrapper\"><h5><\/h5>\n<h5><strong>Aper\u00e7u des lieux de rendez-vous possibles Cours priv\u00e9s<\/strong><\/h5>\n<\/div><\/div><div class=\"w-separator size_small\"><\/div><div class=\"wpb_text_column\"><div class=\"wpb_wrapper\"><p>Vous trouverez plus d'informations sur les lieux de rencontre <a href=\"\/fr\/ueber-uns\/standorte\/\">ici<\/a><\/p>\n<\/div><\/div><div class=\"w-separator size_small\"><\/div><div class=\"w-map provider_osm\" id=\"us_map_1\"><div class=\"w-map-inner\"><div class=\"w-map-json\" onclick='return {&quot;address&quot;:&quot;46.49258956562668, 7.559302905591595&quot;,&quot;disableDragging&quot;:0,&quot;disableZoom&quot;:0,&quot;hideControls&quot;:0,&quot;zoom&quot;:12,&quot;markers&quot;:[{&quot;address&quot;:&quot;46.49258956562668, 7.559302905591595&quot;,&quot;html&quot;:&quot;Skischulb\\u00fcro Dorf&quot;,&quot;infowindow&quot;:0},{&quot;address&quot;:&quot;Hahnenmoosstrasse 1174c, 3715 Adelboden&quot;,&quot;html&quot;:&quot;Geils Park&quot;,&quot;marker_img&quot;:null,&quot;marker_size&quot;:[&quot;30&quot;,&quot;30&quot;]},{&quot;address&quot;:&quot;Sillerenb\\u00fchl, 3715 Adelboden&quot;,&quot;html&quot;:&quot;Sillerenb\\u00fchl&quot;,&quot;marker_img&quot;:null,&quot;marker_size&quot;:[&quot;30&quot;,&quot;30&quot;]},{&quot;address&quot;:&quot;Mietcenter\\\/Rental Center Fuhrenweidli, Bodenstrasse 2, 3715 Adelboden&quot;,&quot;html&quot;:&quot;Mietcenter\\\/Rental Center Fuhrenweidli&quot;,&quot;marker_img&quot;:null,&quot;marker_size&quot;:[&quot;30&quot;,&quot;30&quot;]},{&quot;address&quot;:&quot;Dorfbahn Adelboden, Dorfstrasse 51, 3715 Adelboden&quot;,&quot;html&quot;:&quot;Dorfbahn&quot;,&quot;marker_img&quot;:null,&quot;marker_size&quot;:[&quot;30&quot;,&quot;30&quot;]},{&quot;address&quot;:&quot;Obere-Bodenstrasse, 3715 Adelboden&quot;,&quot;html&quot;:&quot;Boden&quot;,&quot;marker_img&quot;:null,&quot;marker_size&quot;:[&quot;30&quot;,&quot;30&quot;]},{&quot;address&quot;:&quot;Berghotel Engstligenalp, 3715 Adelboden&quot;,&quot;html&quot;:&quot;Enstligenalp&quot;,&quot;marker_img&quot;:null,&quot;marker_size&quot;:[&quot;30&quot;,&quot;30&quot;]},{&quot;address&quot;:&quot;Bodenstrasse 2, 3715 Adelboden&quot;,&quot;html&quot;:&quot;Talstation Silleren, Oey&quot;,&quot;marker_img&quot;:null,&quot;marker_size&quot;:[&quot;30&quot;,&quot;30&quot;]}],&quot;style&quot;:&quot;https:\\\/\\\/{s}.tile.openstreetmap.org\\\/{z}\\\/{x}\\\/{y}.png&quot;}'><\/div><\/div><\/div><div class=\"w-separator size_small\"><\/div><\/div><\/div><\/div><\/div><\/div><\/div><\/div><\/div><\/div><\/section><div class=\"vc_col-sm-8 wpb_column vc_column_container\"><div class=\"vc_column-inner\"><div class=\"wpb_wrapper\"><\/div><\/div><\/div>","protected":false},"excerpt":{"rendered":"Adultes Ski Priv\u00e9 Virage de charrue - virage court - carving - freestyle ? Du terrain d'entra\u00eenement - sur des pistes parfaitement pr\u00e9par\u00e9es - dans des pentes vierges - dans le parc de freestyle - nos moniteurs de ski peuvent am\u00e9liorer vos comp\u00e9tences \u00e0 tous les niveaux ! C'est la premi\u00e8re fois que vous montez sur des skis ou vous \u00eates un professionnel - nous sommes \u00e0 votre disposition tout l'hiver...","protected":false},"author":1,"featured_media":0,"parent":14416,"menu_order":0,"comment_status":"closed","ping_status":"closed","template":"","meta":{"footnotes":""},"acf":[],"aioseo_notices":[],"_links":{"self":[{"href":"https:\/\/skischule-adelboden.ch\/fr\/wp-json\/wp\/v2\/pages\/14432"}],"collection":[{"href":"https:\/\/skischule-adelboden.ch\/fr\/wp-json\/wp\/v2\/pages"}],"about":[{"href":"https:\/\/skischule-adelboden.ch\/fr\/wp-json\/wp\/v2\/types\/page"}],"author":[{"embeddable":true,"href":"https:\/\/skischule-adelboden.ch\/fr\/wp-json\/wp\/v2\/users\/1"}],"replies":[{"embeddable":true,"href":"https:\/\/skischule-adelboden.ch\/fr\/wp-json\/wp\/v2\/comments?post=14432"}],"version-history":[{"count":1,"href":"https:\/\/skischule-adelboden.ch\/fr\/wp-json\/wp\/v2\/pages\/14432\/revisions"}],"predecessor-version":[{"id":16671,"href":"https:\/\/skischule-adelboden.ch\/fr\/wp-json\/wp\/v2\/pages\/14432\/revisions\/16671"}],"up":[{"embeddable":true,"href":"https:\/\/skischule-adelboden.ch\/fr\/wp-json\/wp\/v2\/pages\/14416"}],"wp:attachment":[{"href":"https:\/\/skischule-adelboden.ch\/fr\/wp-json\/wp\/v2\/media?parent=14432"}],"curies":[{"name":"wp","href":"https:\/\/api.w.org\/{rel}","templated":true}]}}