{"id":9,"date":"2019-11-20T15:14:50","date_gmt":"2019-11-20T15:14:50","guid":{"rendered":"http:\/\/dev-newcom360.ch.80-74-150-110.hobo.sui-inter.net\/?page_id=9"},"modified":"2026-04-16T14:27:34","modified_gmt":"2026-04-16T12:27:34","slug":"home","status":"publish","type":"page","link":"https:\/\/skischule-adelboden.ch\/en\/","title":{"rendered":"Home page"},"content":{"rendered":"<section class=\"l-section wpb_row height_auto\"><div class=\"l-section-h i-cf\"><div class=\"g-cols vc_row via_flex valign_top type_default stacking_default\"><div class=\"vc_col-sm-12 vc_hidden-sm vc_hidden-xs wpb_column vc_column_container\"><div class=\"vc_column-inner\"><div class=\"wpb_wrapper\">\n\t\t\t<!-- START Slider Home REVOLUTION SLIDER 6.7.20 --><p class=\"rs-p-wp-fix\"><\/p>\n\t\t\t<rs-module-wrap id=\"rev_slider_9_1_wrapper\" data-source=\"gallery\" style=\"visibility:hidden;background:transparent;padding:0;margin:0px auto;margin-top:0;margin-bottom:0;\">\n\t\t\t\t<rs-module id=\"rev_slider_9_1\" style=\"\" data-version=\"6.7.20\">\n\t\t\t\t\t<rs-slides style=\"overflow: hidden; position: absolute;\">\n\t\t\t\t\t\t<rs-slide style=\"position: absolute;\" data-key=\"rs-56\" data-title=\"Slide\" data-anim=\"ms:0ms;\" data-in=\"o:0;e:none;\" data-out=\"e:none;\">\n\t\t\t\t\t\t\t<img src=\"\/\/skischule-adelboden.ch\/wp-content\/plugins\/revslider\/sr6\/assets\/assets\/dummy.png\" alt=\"Slide\" title=\"Home page\" class=\"rev-slidebg tp-rs-img rs-lazyload\" data-lazyload=\"\/\/skischule-adelboden.ch\/wp-content\/plugins\/revslider\/sr6\/assets\/assets\/transparent.png\" data-bg=\"c:linear-gradient(45deg, rgba(94,107,115,1) 0%, rgba(38,38,38,1) 82%, rgba(38,38,38,1) 100%);\" data-no-retina>\n<!--\n\t\t\t\t\t\t\t--><rs-layer\n\t\t\t\t\t\t\t\tid=\"slider-9-slide-56-layer-8\" \n\t\t\t\t\t\t\t\tdata-type=\"text\"\n\t\t\t\t\t\t\t\tdata-rsp_ch=\"on\"\n\t\t\t\t\t\t\t\tdata-xy=\"xo:125px,117px,115px,27px;y:m;yo:-227px,-56px,-55px,-46px;\"\n\t\t\t\t\t\t\t\tdata-text=\"w:normal;s:48,25,18,26;l:70,37,28,37;a:center;\"\n\t\t\t\t\t\t\t\tdata-dim=\"w:584px,314px,238px,auto;\"\n\t\t\t\t\t\t\t\tdata-frame_999=\"o:0;st:w;\"\n\t\t\t\t\t\t\t\tstyle=\"z-index:8;font-family:'beyond_the_mountainsregular';\"\n\t\t\t\t\t\t\t>Ski school Adelboden \n\t\t\t\t\t\t\t<\/rs-layer><!--\n\n\t\t\t\t\t\t\t--><rs-layer\n\t\t\t\t\t\t\t\tid=\"slider-9-slide-56-layer-10\" \n\t\t\t\t\t\t\t\tclass=\"rs-layer-video intrinsic-ignore\"\n\t\t\t\t\t\t\t\tdata-type=\"video\"\n\t\t\t\t\t\t\t\tdata-rsp_ch=\"on\"\n\t\t\t\t\t\t\t\tdata-xy=\"x:r;y:m;yo:-12px,-6px,-4px,-2px;\"\n\t\t\t\t\t\t\t\tdata-text=\"w:normal;\"\n\t\t\t\t\t\t\t\tdata-dim=\"w:1246px,671px,509px,422px;h:701px,377px,286px,237px;\"\n\t\t\t\t\t\t\t\tdata-video=\"twa:true;vd:0;rwd:f;noint:t;l:true;ptimer:false;nse:f;inl:f;\"\n\t\t\t\t\t\t\t\tdata-poster=\"\/\/skischule-adelboden.ch\/wp-content\/uploads\/revslider\/video-media\/Lara-Gut-Behrami-Ragusa-zu-Besuch-in-der-Schweizer-Skischule-Adelboden_56_layer.jpeg\"\n\t\t\t\t\t\t\t\tdata-ytid=\"ljvRYP2eGLs\"\n\t\t\t\t\t\t\t\tdata-vatr=\"version=3&amp;enablejsapi=1&amp;html5=1&amp;hd=1&amp;wmode=opaque&amp;showinfo=0&amp;rel=0&amp;origin=https:\/\/skischule-adelboden.ch;\"\n\t\t\t\t\t\t\t\tdata-frame_999=\"o:0;st:w;\"\n\t\t\t\t\t\t\t\tstyle=\"z-index:6;\"\n\t\t\t\t\t\t\t>\n\t\t\t\t\t\t\t<\/rs-layer><!--\n\n\t\t\t\t\t\t\t--><rs-layer\n\t\t\t\t\t\t\t\tid=\"slider-9-slide-56-layer-15\" \n\t\t\t\t\t\t\t\tdata-type=\"shape\"\n\t\t\t\t\t\t\t\tdata-rsp_ch=\"on\"\n\t\t\t\t\t\t\t\tdata-xy=\"xo:108px,82px,88px,12px;y:m;yo:-70px,-12px,-16px,0;\"\n\t\t\t\t\t\t\t\tdata-text=\"w:normal;\"\n\t\t\t\t\t\t\t\tdata-dim=\"w:633,341,259,242;h:470px,253px,192px,146px;\"\n\t\t\t\t\t\t\t\tdata-frame_999=\"o:0;st:w;\"\n\t\t\t\t\t\t\t\tstyle=\"z-index:7;background-color:#c61824;\"\n\t\t\t\t\t\t\t> \n\t\t\t\t\t\t\t<\/rs-layer><!--\n\n\t\t\t\t\t\t\t--><a\n\t\t\t\t\t\t\t\tid=\"slider-9-slide-56-layer-16\" \n\t\t\t\t\t\t\t\tclass=\"rs-layer rev-btn\"\n\t\t\t\t\t\t\t\thref=\"https:\/\/skischule-adelboden.ch\/en\/erwachsene\/ski\/privat\/\" target=\"_blank\" rel=\"nofollow noopener\"\n\t\t\t\t\t\t\t\tdata-type=\"button\"\n\t\t\t\t\t\t\t\tdata-rsp_ch=\"on\"\n\t\t\t\t\t\t\t\tdata-xy=\"xo:133px,131px,106px,20px;yo:503px,315px,237px,171px;\"\n\t\t\t\t\t\t\t\tdata-text=\"w:normal;l:50,26,31,33;fw:500;a:center;\"\n\t\t\t\t\t\t\t\tdata-dim=\"w:283px,152px,auto,auto;h:50px,26px,auto,auto;minh:0px,none,none,none;\"\n\t\t\t\t\t\t\t\tdata-padding=\"r:20,11,12,12;l:20,11,12,12;\"\n\t\t\t\t\t\t\t\tdata-frame_999=\"o:0;st:w;\"\n\t\t\t\t\t\t\t\tdata-frame_hover=\"bgc:#262626;bor:0px,0px,0px,0px;sp:200;\"\n\t\t\t\t\t\t\t\tstyle=\"z-index:11;background-color:#3c4245;font-family:'Roboto';\"\n\t\t\t\t\t\t\t>Private lessons \n\t\t\t\t\t\t\t<\/a><!--\n\n\t\t\t\t\t\t\t--><a\n\t\t\t\t\t\t\t\tid=\"slider-9-slide-56-layer-18\" \n\t\t\t\t\t\t\t\tclass=\"rs-layer rev-btn\"\n\t\t\t\t\t\t\t\thref=\"https:\/\/skischule-adelboden.ch\/en\/erwachsene\/langlauf\/privat\/\" target=\"_blank\" rel=\"noopener\"\n\t\t\t\t\t\t\t\tdata-type=\"button\"\n\t\t\t\t\t\t\t\tdata-rsp_ch=\"on\"\n\t\t\t\t\t\t\t\tdata-xy=\"xo:451px,248px,198px,113px;yo:504px,315px,237px,171px;\"\n\t\t\t\t\t\t\t\tdata-text=\"w:normal;l:50,26,31,33;fw:500;a:center;\"\n\t\t\t\t\t\t\t\tdata-dim=\"w:245px,132px,auto,auto;minh:0px,none,none,none;\"\n\t\t\t\t\t\t\t\tdata-padding=\"r:20,11,13,14;l:20,11,13,14;\"\n\t\t\t\t\t\t\t\tdata-frame_999=\"o:0;st:w;\"\n\t\t\t\t\t\t\t\tdata-frame_hover=\"bgc:#262626;bor:0px,0px,0px,0px;sp:200;e:power1.inOut;\"\n\t\t\t\t\t\t\t\tstyle=\"z-index:10;background-color:#3c4245;font-family:'Roboto';\"\n\t\t\t\t\t\t\t>Cross-country skiing lessons \n\t\t\t\t\t\t\t<\/a><!--\n\n\t\t\t\t\t\t\t--><rs-layer\n\t\t\t\t\t\t\t\tid=\"slider-9-slide-56-layer-20\" \n\t\t\t\t\t\t\t\tdata-type=\"text\"\n\t\t\t\t\t\t\t\tdata-color=\"#fff\"\n\t\t\t\t\t\t\t\tdata-rsp_ch=\"on\"\n\t\t\t\t\t\t\t\tdata-xy=\"xo:130px,127px,116px,51px;yo:248px,260px,200px,124px;\"\n\t\t\t\t\t\t\t\tdata-text=\"w:normal;s:25,11,8,14;l:29,18,13,17;a:center;\"\n\t\t\t\t\t\t\t\tdata-dim=\"w:574,auto,auto,170px;h:254,auto,auto,auto;minh:0,none,none,none;\"\n\t\t\t\t\t\t\t\tdata-frame_999=\"o:0;st:w;\"\n\t\t\t\t\t\t\t\tstyle=\"z-index:9;font-family:'Roboto';\"\n\t\t\t\t\t\t\t><br \/>\nSpring skiing = Sun skiing on Engstligenalp!<br \/>\n<br \/>\nUntil May 3rd, Engstligenalp offers perfectly groomed pistes and cross-country ski trails amidst a magnificent mountain panorama.<br \/>\n<br \/>\n<br \/>\n \n\t\t\t\t\t\t\t<\/rs-layer><!--\n-->\t\t\t\t\t<\/rs-slide>\n\t\t\t\t\t<\/rs-slides>\n\t\t\t\t\t<rs-static-layers class=\"rs-stl-visible\"><!--\n\n\t\t\t\t\t\t\t--><rs-layer\n\t\t\t\t\t\t\t\tid=\"slider-9-slide-9-layer-6\" \n\t\t\t\t\t\t\t\tclass=\"rs-layer-static\"\n\t\t\t\t\t\t\t\tdata-type=\"image\"\n\t\t\t\t\t\t\t\tdata-rsp_ch=\"on\"\n\t\t\t\t\t\t\t\tdata-xy=\"x:c;y:b;yo:22px,11px,8px,4px;\"\n\t\t\t\t\t\t\t\tdata-text=\"w:normal;\"\n\t\t\t\t\t\t\t\tdata-dim=\"w:49px,26px,19px,11px;h:49px,26px,19px,11px;\"\n\t\t\t\t\t\t\t\tdata-actions='o:click;a:scrollbelow;sp:700ms;e:power1.inOut;'\n\t\t\t\t\t\t\t\tdata-onslides=\"s:1;\"\n\t\t\t\t\t\t\t\tdata-frame_1=\"e:none;st:70;\"\n\t\t\t\t\t\t\t\tdata-frame_999=\"o:0;st:w;\"\n\t\t\t\t\t\t\t\tstyle=\"z-index:5;cursor:pointer;\"\n\t\t\t\t\t\t\t><img src=\"\/\/skischule-adelboden.ch\/wp-content\/plugins\/revslider\/sr6\/assets\/assets\/dummy.png\" alt=\"\" class=\"tp-rs-img rs-lazyload\" width=\"\" height=\"\" data-lazyload=\"\/\/bikeschule-adelboden.ch\/wp-content\/uploads\/2023\/09\/down-svgrepo-com-1.svg\" data-no-retina> \n\t\t\t\t\t\t\t<\/rs-layer><!--\n\t\t\t\t\t--><\/rs-static-layers>\n\t\t\t\t<\/rs-module>\n\t\t\t\t<script>\n\t\t\t\t\tsetREVStartSize({c: 'rev_slider_9_1',rl:[1240,1024,778,480],el:[840,568,460,300],gw:[1900,1024,778,480],gh:[840,568,460,300],type:'standard',justify:'',layout:'fullwidth',mh:\"0\"});if (window.RS_MODULES!==undefined && window.RS_MODULES.modules!==undefined && window.RS_MODULES.modules[\"revslider91\"]!==undefined) {window.RS_MODULES.modules[\"revslider91\"].once = false;window.revapi9 = undefined;if (window.RS_MODULES.checkMinimal!==undefined) window.RS_MODULES.checkMinimal()}\n\t\t\t\t<\/script>\n\t\t\t\t<script src=\"https:\/\/www.youtube.com\/iframe_api\"><\/script>\n\t\t\t<\/rs-module-wrap>\n\t\t\t<!-- END REVOLUTION SLIDER -->\n<\/div><\/div><\/div><\/div><\/div><\/section><section class=\"l-section wpb_row hide_on_default hide_on_laptops height_auto width_full\"><div class=\"l-section-h i-cf\"><div class=\"g-cols vc_row via_flex valign_top type_default stacking_default\"><div class=\"vc_col-sm-12 wpb_column vc_column_container\"><div class=\"vc_column-inner\"><div class=\"wpb_wrapper\"><div class=\"w-image align_none\"><div url class=\"w-image-h\"><img width=\"2000\" height=\"600\" src=\"https:\/\/skischule-adelboden.ch\/wp-content\/uploads\/2023\/11\/skischule-adelboden-header-1.jpg\" class=\"attachment-full size-full\" alt=\"\" decoding=\"async\" loading=\"lazy\" srcset=\"https:\/\/skischule-adelboden.ch\/wp-content\/uploads\/2023\/11\/skischule-adelboden-header-1.jpg 2000w, https:\/\/skischule-adelboden.ch\/wp-content\/uploads\/2023\/11\/skischule-adelboden-header-1-300x90.jpg 300w, https:\/\/skischule-adelboden.ch\/wp-content\/uploads\/2023\/11\/skischule-adelboden-header-1-1024x307.jpg 1024w, https:\/\/skischule-adelboden.ch\/wp-content\/uploads\/2023\/11\/skischule-adelboden-header-1-600x180.jpg 600w, https:\/\/skischule-adelboden.ch\/wp-content\/uploads\/2023\/11\/skischule-adelboden-header-1-200x60.jpg 200w\" sizes=\"(max-width: 2000px) 100vw, 2000px\" \/><\/div><\/div><\/div><\/div><\/div><\/div><\/div><\/section><section class=\"l-section wpb_row height_auto\"><div class=\"l-section-h i-cf\"><div class=\"g-cols vc_row via_flex valign_top type_default stacking_default\"><div class=\"vc_col-sm-12 wpb_column vc_column_container\"><div class=\"vc_column-inner\"><div class=\"wpb_wrapper\"><div class=\"ult-spacer spacer-69e4da7ac1803\" data-id=\"69e4da7ac1803\" data-height=\"50\" data-height-mobile=\"50\" data-height-tab=\"50\" data-height-tab-portrait=\"\" data-height-mobile-landscape=\"\" style=\"clear:both;display:block;\"><\/div><div class=\"wpb_text_column\"><div class=\"wpb_wrapper\"><h1 style=\"font-size: 45px !important; text-align: left;\"><strong>A warm welcome<\/strong><\/h1>\n<p>to the website of the Swiss Ski School Adelboden! We are very happy to welcome you here! Our private and group courses, our specials and packages are waiting to be booked by you! Ski, snowboard, cross-country, telemark and freestyle - we can certainly improve your skills!<\/p>\n<\/div><\/div><div class=\"ult-spacer spacer-69e4da7ac1bd0\" data-id=\"69e4da7ac1bd0\" data-height=\"20\" data-height-mobile=\"20\" data-height-tab=\"20\" data-height-tab-portrait=\"\" data-height-mobile-landscape=\"\" style=\"clear:both;display:block;\"><\/div><div class=\"wpb_text_column\"><div class=\"wpb_wrapper\"><\/div><\/div><div class=\"w-separator size_small\"><\/div><\/div><\/div><\/div><\/div><\/div><\/section><section class=\"l-section wpb_row us_custom_d77bca1a partner us_animate_this height_auto with_img\"><div class=\"l-section-img\" role=\"img\" data-img-width=\"2000\" data-img-height=\"400\" style=\"background-image: url(https:\/\/skischule-adelboden.ch\/wp-content\/uploads\/2023\/12\/skichule-adelboden-home-trenner-rot1-1.jpg);\"><\/div><div class=\"l-section-h i-cf\"><div class=\"g-cols vc_row via_flex valign_middle type_default stacking_default\"><div class=\"vc_col-sm-9 wpb_column vc_column_container has_text_color\"><div class=\"vc_column-inner us_custom_6df4bc3a\"><div class=\"wpb_wrapper\"><div class=\"w-separator size_medium\"><\/div><div class=\"wpb_text_column\"><div class=\"wpb_wrapper\"><h4>Buy vouchers for breathtaking experiences<\/h4>\n<p>Would you like to make family members, grandchildren, friends or colleagues happy and help them improve their skiing, snowboarding, cross-country skiing or telemarking skills at the same time? Group lessons or private lessons. There's something for everyone! Buy a gift voucher conveniently via our online store.<\/p>\n<\/div><\/div><div class=\"w-separator size_medium\"><\/div><\/div><\/div><\/div><div class=\"vc_col-sm-3 wpb_column vc_column_container\"><div class=\"vc_column-inner\"><div class=\"wpb_wrapper\"><div class=\"w-separator size_medium\"><\/div><div class=\"w-btn-wrapper align_none\"><a class=\"w-btn us-btn-style_27\" target=\"_blank\" href=\"https:\/\/adelboden.skischool.shop\/gutscheine\/\"><span class=\"w-btn-label\">Order now<\/span><\/a><\/div><div class=\"w-separator size_custom\" style=\"height:0px\" id=\"occ6\"><style>@media(max-width:600px){ #occ6{height:20px!important}}<\/style><\/div><\/div><\/div><\/div><\/div><\/div><\/section><section class=\"l-section wpb_row hoverbox height_medium\"><div class=\"l-section-h i-cf\"><div class=\"g-cols vc_row via_flex valign_top type_default stacking_default\" style=\"--additional-gap:30px;\"><div class=\"vc_col-sm-4 wpb_column vc_column_container has_text_color has_bg_color\"><div class=\"vc_column-inner us_custom_de086ade\"><div class=\"wpb_wrapper\"><div class=\"w-image has_ratio align_none\"><div url class=\"w-image-h\"><div style=\"padding-bottom:56.25%\"><\/div><img width=\"450\" height=\"450\" src=\"https:\/\/skischule-adelboden.ch\/wp-content\/uploads\/2025\/07\/P1010020-scaled-e1751618348404-450x450.jpg\" class=\"attachment-us_450_450_crop size-us_450_450_crop\" alt=\"\" decoding=\"async\" loading=\"lazy\" srcset=\"https:\/\/skischule-adelboden.ch\/wp-content\/uploads\/2025\/07\/P1010020-scaled-e1751618348404-450x450.jpg 450w, https:\/\/skischule-adelboden.ch\/wp-content\/uploads\/2025\/07\/P1010020-scaled-e1751618348404-300x300.jpg 300w, https:\/\/skischule-adelboden.ch\/wp-content\/uploads\/2025\/07\/P1010020-scaled-e1751618348404-1024x1024.jpg 1024w, https:\/\/skischule-adelboden.ch\/wp-content\/uploads\/2025\/07\/P1010020-scaled-e1751618348404-150x150.jpg 150w, https:\/\/skischule-adelboden.ch\/wp-content\/uploads\/2025\/07\/P1010020-scaled-e1751618348404-12x12.jpg 12w, https:\/\/skischule-adelboden.ch\/wp-content\/uploads\/2025\/07\/P1010020-scaled-e1751618348404-200x200.jpg 200w, https:\/\/skischule-adelboden.ch\/wp-content\/uploads\/2025\/07\/P1010020-scaled-e1751618348404-100x100.jpg 100w, https:\/\/skischule-adelboden.ch\/wp-content\/uploads\/2025\/07\/P1010020-scaled-e1751618348404.jpg 1675w\" sizes=\"(max-width: 450px) 100vw, 450px\" \/><\/div><\/div><div class=\"wpb_text_column us_custom_3188818e\"><div class=\"wpb_wrapper\"><h4>Group Ski Kids<\/h4>\n<p>Fun and enjoyment of snow sports in a class with like-minded children and young people is guaranteed!<\/p>\n<\/div><\/div><div class=\"w-separator size_small\"><\/div><div class=\"w-btn-wrapper align_none\"><a class=\"w-btn us-btn-style_1\" href=\"\/en\/kinder\/ski\/gruppe\/\"><span class=\"w-btn-label\">More info<\/span><\/a><\/div><\/div><\/div><\/div><div class=\"vc_col-sm-4 wpb_column vc_column_container has_text_color has_bg_color\"><div class=\"vc_column-inner us_custom_de086ade\"><div class=\"wpb_wrapper\"><div class=\"w-image has_ratio align_none\"><div url class=\"w-image-h\"><div style=\"padding-bottom:56.25%\"><\/div><img width=\"450\" height=\"450\" src=\"https:\/\/skischule-adelboden.ch\/wp-content\/uploads\/2024\/08\/RG4_6429-450x450.jpg\" class=\"attachment-us_450_450_crop size-us_450_450_crop\" alt=\"\" decoding=\"async\" loading=\"lazy\" srcset=\"https:\/\/skischule-adelboden.ch\/wp-content\/uploads\/2024\/08\/RG4_6429-450x450.jpg 450w, https:\/\/skischule-adelboden.ch\/wp-content\/uploads\/2024\/08\/RG4_6429-150x150.jpg 150w, https:\/\/skischule-adelboden.ch\/wp-content\/uploads\/2024\/08\/RG4_6429-100x100.jpg 100w\" sizes=\"(max-width: 450px) 100vw, 450px\" \/><\/div><\/div><div class=\"wpb_text_column us_custom_3188818e\"><div class=\"wpb_wrapper\"><h4>Group Snowboard Kids<\/h4>\n<p>Hit the slopes with your snowboard and friends and look forward to learning lots of new skills!<\/p>\n<\/div><\/div><div class=\"w-separator size_small\"><\/div><div class=\"w-btn-wrapper align_none\"><a class=\"w-btn us-btn-style_1\" href=\"https:\/\/skischule-adelboden.ch\/en\/kinder\/snowboard\/gruppe\/\"><span class=\"w-btn-label\">More info<\/span><\/a><\/div><\/div><\/div><\/div><div class=\"vc_col-sm-4 wpb_column vc_column_container has_text_color has_bg_color\"><div class=\"vc_column-inner us_custom_de086ade\"><div class=\"wpb_wrapper\"><div class=\"w-image has_ratio align_none\"><div url class=\"w-image-h\"><div style=\"padding-bottom:56.25%\"><\/div><img width=\"450\" height=\"400\" src=\"https:\/\/skischule-adelboden.ch\/wp-content\/uploads\/2023\/11\/0f248ceea6701fdba42f3f44886d52e5-450x400.jpg\" class=\"attachment-us_450_450_crop size-us_450_450_crop\" alt=\"\" decoding=\"async\" loading=\"lazy\" \/><\/div><\/div><div class=\"wpb_text_column us_custom_3188818e\"><div class=\"wpb_wrapper\"><h4>Ski instructor hut<\/h4>\n<p>From fine coffees with or without a shot, to cool drinks and delicious food, the bistro offers something for every taste.<\/p>\n<\/div><\/div><div class=\"w-separator size_small\"><\/div><div class=\"w-btn-wrapper align_none\"><a class=\"w-btn us-btn-style_1\" href=\"https:\/\/skischule-adelboden.ch\/en\/skilehrerhuette\/\"><span class=\"w-btn-label\">More info<\/span><\/a><\/div><\/div><\/div><\/div><\/div><\/div><\/section><section class=\"l-section wpb_row us_custom_d77bca1a partner us_animate_this height_auto with_img\"><div class=\"l-section-img\" role=\"img\" data-img-width=\"2000\" data-img-height=\"400\" style=\"background-image: url(https:\/\/skischule-adelboden.ch\/wp-content\/uploads\/2023\/12\/skichule-adelboden-home-trenner-rot1-1.jpg);\"><\/div><div class=\"l-section-h i-cf\"><div class=\"g-cols vc_row via_flex valign_middle type_default stacking_default\"><div class=\"vc_col-sm-8 wpb_column vc_column_container has_text_color\"><div class=\"vc_column-inner us_custom_6df4bc3a\"><div class=\"wpb_wrapper\"><div class=\"w-separator size_medium\"><\/div><div class=\"wpb_text_column\"><div class=\"wpb_wrapper\"><h4>What do you think of us?<\/h4>\n<p>Our office is located at Dorfstrasse 23, in the Tourist Center Adelboden<\/p>\n<h4><strong>Opening hours ski school office<\/strong><\/h4>\n<p><strong>Spring 2026:<\/strong><br \/>\nSwitch closed<\/p>\n<p><strong>Until May 3, 2026:<br \/>\n<\/strong>Available by phone around the clock: +41 33 673 38 48<br \/>\nMonday \u2013 Sunday from 9:00 AM \u2013 5:00 PM<\/p>\n<p>Otherwise you can contact us by e-mail:<br \/>\ninfo@skischule-adelboden.ch<\/p>\n<\/div><\/div><div class=\"w-separator size_medium\"><\/div><\/div><\/div><\/div><div class=\"vc_col-sm-4 wpb_column vc_column_container\"><div class=\"vc_column-inner\"><div class=\"wpb_wrapper\"><div class=\"w-separator size_custom\" style=\"height:0px\" id=\"se0a\"><style>@media(max-width:600px){ #se0a{height:20px!important}}<\/style><\/div><div class=\"wpb_text_column us_custom_6df4bc3a white-link has_text_color\"><div class=\"wpb_wrapper\"><h4>Information and back office<\/h4>\n<p>We will be happy to provide you with information at our counters!<br \/>\nBy telephone at\u00a0<a href=\"tel: 41336733848\">+41 33 673 38 48<\/a><br \/>\nBy e-mail at <a href=\"mailto:info@skischule-adelboden.ch\" target=\"_blank\" rel=\"noopener\">info@skischule-adelboden.ch<\/a><\/p>\n<\/div><\/div><div class=\"w-separator size_medium\"><\/div><\/div><\/div><\/div><\/div><\/div><\/section><section class=\"l-section wpb_row us_custom_097c6ed5 us_animate_this height_auto\"><div class=\"l-section-overlay\" style=\"background:var(--color-header-top-bg)\"><\/div><div class=\"l-section-h i-cf\"><div class=\"g-cols vc_row via_flex valign_top type_default stacking_default\"><div class=\"vc_col-sm-8 vc_hidden-md vc_hidden-sm vc_hidden-xs wpb_column vc_column_container has_text_color has_bg_color\"><div class=\"vc_column-inner us_custom_4e2469e2\"><div class=\"vc_column-overlay\" style=\"background:var(--color-header-top-bg)\"><\/div><div class=\"wpb_wrapper\"><div class=\"w-separator hide_on_tablets hide_on_mobiles size_medium\"><\/div><div class=\"w-video us_custom_057801f8 hide_on_tablets hide_on_mobiles align_none ratio_16x9\"><div class=\"w-video-h\"><iframe title=\"Children&#039;s equipment\/clothing for the ski slope\" width=\"640\" height=\"360\" src=\"https:\/\/www.youtube.com\/embed\/zWmfFPFniQQ?feature=oembed\" frameborder=\"0\" allow=\"accelerometer; autoplay; clipboard-write; encrypted-media; gyroscope; picture-in-picture; web-share\" referrerpolicy=\"strict-origin-when-cross-origin\" allowfullscreen><\/iframe><\/div><div class=\"w-video-icon\" style=\"font-size:1.5rem;background:rgba(0,0,0,0.5);color:#fff\"><\/div><\/div><div class=\"ult-spacer spacer-69e4da7ac5d98\" data-id=\"69e4da7ac5d98\" data-height=\"50\" data-height-mobile=\"5\" data-height-tab=\"\" data-height-tab-portrait=\"5\" data-height-mobile-landscape=\"\" style=\"clear:both;display:block;\"><\/div><\/div><\/div><\/div><div class=\"vc_col-sm-4 wpb_column vc_column_container has_text_color\"><div class=\"vc_column-inner us_custom_df5f4c97\"><div class=\"wpb_wrapper\"><div class=\"w-separator hide_on_tablets hide_on_mobiles size_medium\"><\/div><div class=\"w-separator hide_on_default hide_on_laptops size_small\"><\/div><div class=\"w-separator size_small\"><\/div><div class=\"w-separator hide_on_default hide_on_laptops size_small\"><\/div><div class=\"wpb_text_column us_custom_6df4bc3a white-link has_text_color\"><div class=\"wpb_wrapper\"><h4>The perfect equipment to make the kids feel good on the slopes!<\/h4>\n<p>Our three Intersport stores in Adelboden - <a href=\"https:\/\/www.aelligsport.ch\/\">Aellig Sport<\/a>, <a href=\"https:\/\/harisport.ch\/\">Hari Sport<\/a> and <a href=\"https:\/\/www.oestersport.ch\/\">Oester Sport<\/a> - are looking forward to seeing you!<\/p>\n<\/div><\/div><div class=\"w-separator size_small\"><\/div><\/div><\/div><\/div><\/div><\/div><\/section>","protected":false},"excerpt":{"rendered":"Skischule Adelboden Privatunterricht Langlaufunterricht Fr\u00fchlingsskifahren = Sonnenskifahren auf der Engstligenalp! Die Engstligenalp bietet bis am 3. Mai top pr\u00e4parierte Pisten und Loipen inmitten einer pr\u00e4chtigen Bergkulisse. Herzlich Willkommen auf der Website der Schweizer Skischule Adelboden! Wir freuen uns sehr Euch hier willkommen zu heissen! Unsere Privat- und Gruppenkurse, unsere Specials und Packages warten darauf von...","protected":false},"author":1,"featured_media":0,"parent":0,"menu_order":0,"comment_status":"closed","ping_status":"closed","template":"","meta":{"footnotes":""},"acf":[],"aioseo_notices":[],"_links":{"self":[{"href":"https:\/\/skischule-adelboden.ch\/en\/wp-json\/wp\/v2\/pages\/9"}],"collection":[{"href":"https:\/\/skischule-adelboden.ch\/en\/wp-json\/wp\/v2\/pages"}],"about":[{"href":"https:\/\/skischule-adelboden.ch\/en\/wp-json\/wp\/v2\/types\/page"}],"author":[{"embeddable":true,"href":"https:\/\/skischule-adelboden.ch\/en\/wp-json\/wp\/v2\/users\/1"}],"replies":[{"embeddable":true,"href":"https:\/\/skischule-adelboden.ch\/en\/wp-json\/wp\/v2\/comments?post=9"}],"version-history":[{"count":50,"href":"https:\/\/skischule-adelboden.ch\/en\/wp-json\/wp\/v2\/pages\/9\/revisions"}],"predecessor-version":[{"id":17009,"href":"https:\/\/skischule-adelboden.ch\/en\/wp-json\/wp\/v2\/pages\/9\/revisions\/17009"}],"wp:attachment":[{"href":"https:\/\/skischule-adelboden.ch\/en\/wp-json\/wp\/v2\/media?parent=9"}],"curies":[{"name":"wp","href":"https:\/\/api.w.org\/{rel}","templated":true}]}}